{"id":4314,"date":"2024-09-04T14:21:51","date_gmt":"2024-09-04T12:21:51","guid":{"rendered":"https:\/\/covertto.es\/cookies\/"},"modified":"2026-04-11T20:58:45","modified_gmt":"2026-04-11T18:58:45","slug":"cookies","status":"publish","type":"page","link":"https:\/\/covertto.es\/fr\/cookies\/","title":{"rendered":"Cookies"},"content":{"rendered":"\t\t<div data-elementor-type=\"wp-page\" data-elementor-id=\"4314\" class=\"elementor elementor-4314 elementor-326\" data-elementor-post-type=\"page\">\n\t\t\t\t<div data-particle_enable=\"false\" data-particle-mobile-disabled=\"false\" class=\"elementor-element elementor-element-ef87961 e-flex e-con-boxed e-con e-parent\" data-id=\"ef87961\" data-element_type=\"container\" data-e-type=\"container\" data-settings=\"{&quot;jet_parallax_layout_list&quot;:[]}\">\n\t\t\t\t\t<div class=\"e-con-inner\">\n\t\t\t\t<div class=\"elementor-element elementor-element-753c4f5 elementor-widget elementor-widget-heading\" data-id=\"753c4f5\" data-element_type=\"widget\" data-e-type=\"widget\" data-widget_type=\"heading.default\">\n\t\t\t\t<div class=\"elementor-widget-container\">\n\t\t\t\t\t<h2 class=\"elementor-heading-title elementor-size-default\">Politique de cookies<\/h2>\t\t\t\t<\/div>\n\t\t\t\t<\/div>\n\t\t\t\t<div class=\"elementor-element elementor-element-d48db69 elementor-widget-divider--view-line elementor-widget elementor-widget-divider\" data-id=\"d48db69\" data-element_type=\"widget\" data-e-type=\"widget\" data-widget_type=\"divider.default\">\n\t\t\t\t<div class=\"elementor-widget-container\">\n\t\t\t\t\t\t\t<div class=\"elementor-divider\">\n\t\t\t<span class=\"elementor-divider-separator\">\n\t\t\t\t\t\t<\/span>\n\t\t<\/div>\n\t\t\t\t\t\t<\/div>\n\t\t\t\t<\/div>\n\t\t\t\t\t<\/div>\n\t\t\t\t<\/div>\n\t\t<div data-particle_enable=\"false\" data-particle-mobile-disabled=\"false\" class=\"elementor-element elementor-element-a305c8c e-flex e-con-boxed e-con e-parent\" data-id=\"a305c8c\" data-element_type=\"container\" data-e-type=\"container\" data-settings=\"{&quot;jet_parallax_layout_list&quot;:[]}\">\n\t\t\t\t\t<div class=\"e-con-inner\">\n\t\t\t\t<div class=\"elementor-element elementor-element-8b829a7 elementor-widget elementor-widget-text-editor\" data-id=\"8b829a7\" data-element_type=\"widget\" data-e-type=\"widget\" data-widget_type=\"text-editor.default\">\n\t\t\t\t<div class=\"elementor-widget-container\">\n\t\t\t\t\t\t\t\t\t<p><strong>Date d&rsquo;entr\u00e9e en vigueur : 1er septembre 2024<\/strong><\/p><p>Chez Coverto, nous utilisons des cookies et des technologies similaires pour am\u00e9liorer l&rsquo;exp\u00e9rience de nos utilisateurs, analyser le trafic du site web et offrir un contenu personnalis\u00e9. Cette Politique de Cookies explique ce que sont les cookies, comment nous les utilisons et les options dont vous disposez pour les g\u00e9rer.<\/p><h2>1. Que sont les Cookies ?<\/h2><p>Les cookies sont de petits fichiers texte qui sont stock\u00e9s sur votre appareil (ordinateur, smartphone, tablette) lorsque vous visitez un site web. Ces fichiers permettent au site de m\u00e9moriser vos actions et pr\u00e9f\u00e9rences (comme la connexion, la langue, la taille de la police et d&rsquo;autres pr\u00e9f\u00e9rences d&rsquo;affichage) pendant une p\u00e9riode donn\u00e9e, de sorte que vous n&rsquo;avez pas \u00e0 les reconfigurer \u00e0 chaque fois que vous revenez sur le site ou naviguez d&rsquo;une page \u00e0 l&rsquo;autre.<\/p><h2>2. Types de Cookies que nous utilisons<\/h2><h3>a. Cookies Essentiels<\/h3><p>Ces cookies sont n\u00e9cessaires au fonctionnement de base de notre site web. Ils vous permettent de naviguer sur le site et d&rsquo;utiliser ses fonctionnalit\u00e9s, comme acc\u00e9der aux zones s\u00e9curis\u00e9es et effectuer des achats. Sans ces cookies, certains services ne peuvent pas \u00eatre fournis.<\/p><h3>b. Cookies de Performance<\/h3><p>Ces cookies collectent des informations sur la fa\u00e7on dont les visiteurs utilisent notre site web, par exemple, quelles pages sont les plus visit\u00e9es et s&rsquo;ils re\u00e7oivent des messages d&rsquo;erreur. Ces informations sont utilis\u00e9es pour am\u00e9liorer le fonctionnement du site.<\/p><h3>c. Cookies de Fonctionnalit\u00e9<\/h3><p>Ces cookies permettent au site web de m\u00e9moriser les choix que vous faites (comme votre nom d&rsquo;utilisateur, la langue ou la r\u00e9gion dans laquelle vous vous trouvez) et offrent des fonctionnalit\u00e9s am\u00e9lior\u00e9es et plus personnalis\u00e9es.<\/p><h3>d. Cookies Publicitaires<\/h3><p>Ces cookies sont utilis\u00e9s pour diffuser des publicit\u00e9s pertinentes pour vous et vos int\u00e9r\u00eats. Ils limitent \u00e9galement le nombre de fois que vous voyez une publicit\u00e9 et aident \u00e0 mesurer l&rsquo;efficacit\u00e9 des campagnes publicitaires.<\/p><h2>3. Comment nous utilisons les Cookies<\/h2><p>Nous utilisons des cookies aux fins suivantes :<\/p><ul><li><strong>Autenticaci\u00f3n y seguridad<\/strong>: Para identificarlo cuando inicia sesi\u00f3n en nuestro sitio, proteger su informaci\u00f3n y permitir que acceda de manera segura a su cuenta.<\/li><li><strong>Preferencias y personalizaci\u00f3n<\/strong>: Para recordar sus preferencias y personalizar su experiencia en nuestro sitio.<\/li><li><strong>An\u00e1lisis y rendimiento<\/strong>: Para comprender c\u00f3mo los usuarios interact\u00faan con nuestro sitio y mejorar el rendimiento del mismo.<\/li><li><strong>Publicidad dirigida<\/strong>: Para mostrarle anuncios que sean relevantes para sus intereses.<\/li><\/ul><h2>4. Gestion des Cookies<\/h2><p>Vous pouvez contr\u00f4ler et\/ou supprimer les cookies comme vous le souhaitez. Vous pouvez supprimer tous les cookies d\u00e9j\u00e0 pr\u00e9sents sur votre ordinateur et configurer la plupart des navigateurs pour emp\u00eacher leur installation. Cependant, si vous le faites, vous devrez peut-\u00eatre ajuster manuellement certaines pr\u00e9f\u00e9rences \u00e0 chaque visite d&rsquo;un site et certains services et fonctionnalit\u00e9s pourraient ne pas fonctionner.<\/p><h3>a. Comment d\u00e9sactiver les Cookies<\/h3><p>La plupart des navigateurs web vous permettent de contr\u00f4ler les cookies via leurs param\u00e8tres. Vous pouvez configurer votre navigateur pour qu&rsquo;il vous avertisse lorsque des cookies sont envoy\u00e9s ou pour les bloquer compl\u00e8tement. Cependant, le blocage de tous les cookies affectera la fonctionnalit\u00e9 de ce site et d&rsquo;autres sites web.<\/p><h3>b. Plus d&rsquo;informations sur les Cookies<\/h3><p>Para obtener m\u00e1s informaci\u00f3n sobre las cookies, incluidos c\u00f3mo ver qu\u00e9 cookies se han configurado y c\u00f3mo gestionarlas y eliminarlas, visite <a href=\"http:\/\/www.aboutcookies.org\" target=\"_new\" rel=\"noopener\">www.aboutcookies.org<\/a>.<\/p><h2>5. Modifications de cette Politique de Cookies<\/h2><p>Nous pouvons mettre \u00e0 jour notre Politique de Cookies de temps \u00e0 autre pour refl\u00e9ter les changements dans nos pratiques et services. Lorsque nous publierons des modifications de cette politique, nous mettrons \u00e0 jour la date d&rsquo;entr\u00e9e en vigueur en haut de cette page.<\/p>\t\t\t\t\t\t\t\t<\/div>\n\t\t\t\t<\/div>\n\t\t\t\t\t<\/div>\n\t\t\t\t<\/div>\n\t\t\t\t<\/div>\n\t\t","protected":false},"excerpt":{"rendered":"<p>Politique de cookies Date d&rsquo;entr\u00e9e en vigueur : 1er septembre 2024 Chez Coverto, nous utilisons des cookies et des technologies similaires pour am\u00e9liorer l&rsquo;exp\u00e9rience de nos utilisateurs, analyser le trafic du site web et offrir un contenu personnalis\u00e9. Cette Politique de Cookies explique ce que sont les cookies, comment nous les utilisons et les options [&hellip;]<\/p>\n","protected":false},"author":2,"featured_media":0,"parent":0,"menu_order":0,"comment_status":"closed","ping_status":"closed","template":"elementor_header_footer","meta":{"_acf_changed":false,"footnotes":""},"class_list":["post-4314","page","type-page","status-publish","hentry"],"acf":[],"_links":{"self":[{"href":"https:\/\/covertto.es\/fr\/wp-json\/wp\/v2\/pages\/4314","targetHints":{"allow":["GET"]}}],"collection":[{"href":"https:\/\/covertto.es\/fr\/wp-json\/wp\/v2\/pages"}],"about":[{"href":"https:\/\/covertto.es\/fr\/wp-json\/wp\/v2\/types\/page"}],"author":[{"embeddable":true,"href":"https:\/\/covertto.es\/fr\/wp-json\/wp\/v2\/users\/2"}],"replies":[{"embeddable":true,"href":"https:\/\/covertto.es\/fr\/wp-json\/wp\/v2\/comments?post=4314"}],"version-history":[{"count":1,"href":"https:\/\/covertto.es\/fr\/wp-json\/wp\/v2\/pages\/4314\/revisions"}],"predecessor-version":[{"id":4315,"href":"https:\/\/covertto.es\/fr\/wp-json\/wp\/v2\/pages\/4314\/revisions\/4315"}],"wp:attachment":[{"href":"https:\/\/covertto.es\/fr\/wp-json\/wp\/v2\/media?parent=4314"}],"curies":[{"name":"wp","href":"https:\/\/api.w.org\/{rel}","templated":true}]}}