{"id":4370,"date":"2025-03-18T20:36:01","date_gmt":"2025-03-18T19:36:01","guid":{"rendered":"https:\/\/covertto.es\/mercurio\/"},"modified":"2026-04-11T20:58:50","modified_gmt":"2026-04-11T18:58:50","slug":"mercurio","status":"publish","type":"page","link":"https:\/\/covertto.es\/fr\/mercurio\/","title":{"rendered":"Mercurio"},"content":{"rendered":"\t\t<div data-elementor-type=\"wp-page\" data-elementor-id=\"4370\" class=\"elementor elementor-4370 elementor-3042\" data-elementor-post-type=\"page\">\n\t\t\t\t<div data-particle_enable=\"false\" data-particle-mobile-disabled=\"false\" class=\"elementor-element elementor-element-ec1a8ce e-flex e-con-boxed e-con e-parent\" data-id=\"ec1a8ce\" data-element_type=\"container\" data-e-type=\"container\" data-settings=\"{&quot;background_background&quot;:&quot;classic&quot;,&quot;jet_parallax_layout_list&quot;:[]}\">\n\t\t\t\t\t<div class=\"e-con-inner\">\n\t\t<div data-particle_enable=\"false\" data-particle-mobile-disabled=\"false\" class=\"elementor-element elementor-element-ca981cc e-con-full e-flex e-con e-child\" data-id=\"ca981cc\" data-element_type=\"container\" data-e-type=\"container\" data-settings=\"{&quot;jet_parallax_layout_list&quot;:[]}\">\n\t\t\t\t<div class=\"elementor-element elementor-element-2323ac0 elementor-widget elementor-widget-heading\" data-id=\"2323ac0\" data-element_type=\"widget\" data-e-type=\"widget\" data-widget_type=\"heading.default\">\n\t\t\t\t<div class=\"elementor-widget-container\">\n\t\t\t\t\t<h1 class=\"elementor-heading-title elementor-size-default\">MERCURIO<\/h1>\t\t\t\t<\/div>\n\t\t\t\t<\/div>\n\t\t\t\t<div class=\"elementor-element elementor-element-efc6e20 elementor-widget-divider--view-line elementor-widget elementor-widget-divider\" data-id=\"efc6e20\" data-element_type=\"widget\" data-e-type=\"widget\" data-widget_type=\"divider.default\">\n\t\t\t\t<div class=\"elementor-widget-container\">\n\t\t\t\t\t\t\t<div class=\"elementor-divider\">\n\t\t\t<span class=\"elementor-divider-separator\">\n\t\t\t\t\t\t<\/span>\n\t\t<\/div>\n\t\t\t\t\t\t<\/div>\n\t\t\t\t<\/div>\n\t\t\t\t<div class=\"elementor-element elementor-element-b7806ef elementor-hidden-desktop elementor-hidden-tablet elementor-hidden-mobile elementor-widget elementor-widget-text-editor\" data-id=\"b7806ef\" data-element_type=\"widget\" data-e-type=\"widget\" data-widget_type=\"text-editor.default\">\n\t\t\t\t<div class=\"elementor-widget-container\">\n\t\t\t\t\t\t\t\t\t<p>Les abris bas COVERTTO sont l&rsquo;option qui s&rsquo;adapte \u00e0 tout lieu et budget.<\/p>\t\t\t\t\t\t\t\t<\/div>\n\t\t\t\t<\/div>\n\t\t\t\t<\/div>\n\t\t\t\t\t<\/div>\n\t\t\t\t<\/div>\n\t\t<div data-particle_enable=\"false\" data-particle-mobile-disabled=\"false\" class=\"elementor-element elementor-element-ea7ddeb animated-fast e-flex e-con-boxed elementor-invisible e-con e-parent\" data-id=\"ea7ddeb\" data-element_type=\"container\" data-e-type=\"container\" data-settings=\"{&quot;jet_parallax_layout_list&quot;:[],&quot;animation&quot;:&quot;slideInDown&quot;}\">\n\t\t\t\t\t<div class=\"e-con-inner\">\n\t\t\t\t<div class=\"elementor-element elementor-element-78f8b63 elementor-widget elementor-widget-heading\" data-id=\"78f8b63\" data-element_type=\"widget\" data-e-type=\"widget\" data-widget_type=\"heading.default\">\n\t\t\t\t<div class=\"elementor-widget-container\">\n\t\t\t\t\t<h2 class=\"elementor-heading-title elementor-size-default\">Collection Mercurio<\/h2>\t\t\t\t<\/div>\n\t\t\t\t<\/div>\n\t\t\t\t<div class=\"elementor-element elementor-element-73b351c elementor-widget-divider--view-line elementor-widget elementor-widget-divider\" data-id=\"73b351c\" data-element_type=\"widget\" data-e-type=\"widget\" data-widget_type=\"divider.default\">\n\t\t\t\t<div class=\"elementor-widget-container\">\n\t\t\t\t\t\t\t<div class=\"elementor-divider\">\n\t\t\t<span class=\"elementor-divider-separator\">\n\t\t\t\t\t\t<\/span>\n\t\t<\/div>\n\t\t\t\t\t\t<\/div>\n\t\t\t\t<\/div>\n\t\t\t\t\t<\/div>\n\t\t\t\t<\/div>\n\t\t<div data-particle_enable=\"false\" data-particle-mobile-disabled=\"false\" class=\"elementor-element elementor-element-a1d600f animated-fast e-flex e-con-boxed elementor-invisible e-con e-parent\" data-id=\"a1d600f\" data-element_type=\"container\" data-e-type=\"container\" data-settings=\"{&quot;jet_parallax_layout_list&quot;:[],&quot;animation&quot;:&quot;slideInUp&quot;}\">\n\t\t\t\t\t<div class=\"e-con-inner\">\n\t\t<div data-particle_enable=\"false\" data-particle-mobile-disabled=\"false\" class=\"elementor-element elementor-element-d633271 e-con-full e-flex e-con e-child\" data-id=\"d633271\" data-element_type=\"container\" data-e-type=\"container\" data-settings=\"{&quot;jet_parallax_layout_list&quot;:[]}\">\n\t\t\t\t<div class=\"elementor-element elementor-element-c50f656 elementor-widget__width-initial elementor-widget elementor-widget-text-editor\" data-id=\"c50f656\" data-element_type=\"widget\" data-e-type=\"widget\" data-widget_type=\"text-editor.default\">\n\t\t\t\t<div class=\"elementor-widget-container\">\n\t\t\t\t\t\t\t\t\t<p><strong>Sophistication et Confort pour vos Ext\u00e9rieurs<\/strong><\/p><p>La collection Mercurio allie design \u00e9l\u00e9gant et mat\u00e9riaux de haute qualit\u00e9 pour cr\u00e9er une atmosph\u00e8re accueillante et moderne dans tout espace ext\u00e9rieur. Compos\u00e9e d&rsquo;un canap\u00e9, de fauteuils et d&rsquo;une table basse, chaque pi\u00e8ce a \u00e9t\u00e9 m\u00e9ticuleusement con\u00e7ue pour garantir un confort maximal, une durabilit\u00e9 et un entretien facile.<\/p><ul><li>Structure en aluminium avec peinture en poudre, l\u00e9g\u00e8re et hautement r\u00e9sistante aux intemp\u00e9ries, la prot\u00e9geant de la corrosion et de l&rsquo;usure climatique.<\/li><li>Coussins d\u00e9houssables en tissu Olefin, un mat\u00e9riau doux, durable et r\u00e9sistant \u00e0 l&rsquo;usure, aux taches et aux moisissures.<\/li><li>Cordes en Olefin, apportant stabilit\u00e9 et une finition sophistiqu\u00e9e, alliant esth\u00e9tique et fonctionnalit\u00e9.<\/li><\/ul><p>Id\u00e9ale pour les jardins, terrasses et espaces d&rsquo;h\u00f4tellerie, la collection Mercurio est le choix parfait pour ceux qui recherchent un design intemporel et r\u00e9sistant, con\u00e7u pour profiter pleinement du plein air.<\/p><p><strong>Disponible en coloris<\/strong><\/p>\n\t\t\t\t\t\t\t\t<\/div>\n\t\t\t\t<\/div>\n\t\t\t\t<div class=\"elementor-element elementor-element-b3822d4 elementor-align-left elementor-widget elementor-widget-button\" data-id=\"b3822d4\" data-element_type=\"widget\" data-e-type=\"widget\" data-widget_type=\"button.default\">\n\t\t\t\t<div class=\"elementor-widget-container\">\n\t\t\t\t\t\t\t\t\t<div class=\"elementor-button-wrapper\">\n\t\t\t\t\t<a class=\"elementor-button elementor-button-link elementor-size-sm\" href=\"https:\/\/covertto.es\/fr\/contact\/\">\n\t\t\t\t\t\t<span class=\"elementor-button-content-wrapper\">\n\t\t\t\t\t\t\t\t\t<span class=\"elementor-button-text\">Demander un devis<\/span>\n\t\t\t\t\t<\/span>\n\t\t\t\t\t<\/a>\n\t\t\t\t<\/div>\n\t\t\t\t\t\t\t\t<\/div>\n\t\t\t\t<\/div>\n\t\t\t\t<\/div>\n\t\t<div data-particle_enable=\"false\" data-particle-mobile-disabled=\"false\" class=\"elementor-element elementor-element-3213ba8 e-con-full e-flex e-con e-child\" data-id=\"3213ba8\" data-element_type=\"container\" data-e-type=\"container\" data-settings=\"{&quot;jet_parallax_layout_list&quot;:[]}\">\n\t\t\t\t<div class=\"elementor-element elementor-element-823f4c0 elementor-arrows-position-inside elementor-widget elementor-widget-image-carousel\" data-id=\"823f4c0\" data-element_type=\"widget\" data-e-type=\"widget\" data-settings=\"{&quot;slides_to_show&quot;:&quot;1&quot;,&quot;navigation&quot;:&quot;arrows&quot;,&quot;autoplay&quot;:&quot;yes&quot;,&quot;pause_on_hover&quot;:&quot;yes&quot;,&quot;pause_on_interaction&quot;:&quot;yes&quot;,&quot;autoplay_speed&quot;:5000,&quot;infinite&quot;:&quot;yes&quot;,&quot;effect&quot;:&quot;slide&quot;,&quot;speed&quot;:500}\" data-widget_type=\"image-carousel.default\">\n\t\t\t\t<div class=\"elementor-widget-container\">\n\t\t\t\t\t\t\t<div class=\"elementor-image-carousel-wrapper swiper\" role=\"region\" aria-roledescription=\"carousel\" aria-label=\"Carrusel de im\u00e1genes\" dir=\"ltr\">\n\t\t\t<div class=\"elementor-image-carousel swiper-wrapper swiper-image-stretch\" aria-live=\"off\">\n\t\t\t\t\t\t\t\t<div class=\"swiper-slide\" role=\"group\" aria-roledescription=\"slide\" aria-label=\"1 sur 1\"><figure class=\"swiper-slide-inner\"><img decoding=\"async\" class=\"swiper-slide-image\" src=\"https:\/\/covertto.es\/wp-content\/uploads\/2025\/05\/Screenshot_5.png\" alt=\"Screenshot_5\" \/><\/figure><\/div>\t\t\t<\/div>\n\t\t\t\t\t<\/div>\n\t\t\t\t\t\t<\/div>\n\t\t\t\t<\/div>\n\t\t\t\t<\/div>\n\t\t\t\t\t<\/div>\n\t\t\t\t<\/div>\n\t\t<div data-particle_enable=\"false\" data-particle-mobile-disabled=\"false\" class=\"elementor-element elementor-element-b0925bb animated-fast e-flex e-con-boxed elementor-invisible e-con e-parent\" data-id=\"b0925bb\" data-element_type=\"container\" data-e-type=\"container\" data-settings=\"{&quot;jet_parallax_layout_list&quot;:[],&quot;animation&quot;:&quot;slideInDown&quot;}\">\n\t\t\t\t\t<div class=\"e-con-inner\">\n\t\t\t\t<div class=\"elementor-element elementor-element-af4e5c9 elementor-widget elementor-widget-heading\" data-id=\"af4e5c9\" data-element_type=\"widget\" data-e-type=\"widget\" data-widget_type=\"heading.default\">\n\t\t\t\t<div class=\"elementor-widget-container\">\n\t\t\t\t\t<h2 class=\"elementor-heading-title elementor-size-default\">Autres produits<\/h2>\t\t\t\t<\/div>\n\t\t\t\t<\/div>\n\t\t\t\t<div class=\"elementor-element elementor-element-2c4b2c6 elementor-widget-divider--view-line elementor-widget elementor-widget-divider\" data-id=\"2c4b2c6\" data-element_type=\"widget\" data-e-type=\"widget\" data-widget_type=\"divider.default\">\n\t\t\t\t<div class=\"elementor-widget-container\">\n\t\t\t\t\t\t\t<div class=\"elementor-divider\">\n\t\t\t<span class=\"elementor-divider-separator\">\n\t\t\t\t\t\t<\/span>\n\t\t<\/div>\n\t\t\t\t\t\t<\/div>\n\t\t\t\t<\/div>\n\t\t\t\t\t<\/div>\n\t\t\t\t<\/div>\n\t\t<div data-particle_enable=\"false\" data-particle-mobile-disabled=\"false\" class=\"elementor-element elementor-element-dbf29ea animated-fast e-flex e-con-boxed elementor-invisible e-con e-parent\" data-id=\"dbf29ea\" data-element_type=\"container\" data-e-type=\"container\" data-settings=\"{&quot;jet_parallax_layout_list&quot;:[],&quot;animation&quot;:&quot;slideInUp&quot;}\">\n\t\t\t\t\t<div class=\"e-con-inner\">\n\t\t<div data-particle_enable=\"false\" data-particle-mobile-disabled=\"false\" class=\"elementor-element elementor-element-de87874 e-con-full e-flex e-con e-child\" data-id=\"de87874\" data-element_type=\"container\" data-e-type=\"container\" data-settings=\"{&quot;jet_parallax_layout_list&quot;:[]}\">\n\t\t\t\t<div class=\"elementor-element elementor-element-a66c214 elementor-widget elementor-widget-image\" data-id=\"a66c214\" data-element_type=\"widget\" data-e-type=\"widget\" data-widget_type=\"image.default\">\n\t\t\t\t<div class=\"elementor-widget-container\">\n\t\t\t\t\t\t\t\t\t\t\t\t\t\t\t\t<a href=\"https:\/\/covertto.es\/fr\/pergola-oasis\/\">\n\t\t\t\t\t\t\t<img decoding=\"async\" src=\"https:\/\/covertto.es\/wp-content\/uploads\/elementor\/thumbs\/tavolino-ares-600x600-1-r31zxa6iluqcl211gbrzv7qt4y3v3a93qexkjbe10g.png\" title=\"tavolino-ares-600&#215;600 1\" alt=\"tavolino-ares-600x600 1\" loading=\"lazy\" \/>\t\t\t\t\t\t\t\t<\/a>\n\t\t\t\t\t\t\t\t\t\t\t\t\t\t\t<\/div>\n\t\t\t\t<\/div>\n\t\t\t\t<div class=\"elementor-element elementor-element-7450f81 elementor-widget elementor-widget-heading\" data-id=\"7450f81\" data-element_type=\"widget\" data-e-type=\"widget\" data-widget_type=\"heading.default\">\n\t\t\t\t<div class=\"elementor-widget-container\">\n\t\t\t\t\t<h2 class=\"elementor-heading-title elementor-size-default\"><a href=\"https:\/\/covertto.es\/fr\/pergola-oasis\/\">PERGOLA OASIS<\/a><\/h2>\t\t\t\t<\/div>\n\t\t\t\t<\/div>\n\t\t\t\t<\/div>\n\t\t<div data-particle_enable=\"false\" data-particle-mobile-disabled=\"false\" class=\"elementor-element elementor-element-cdb9e03 e-con-full e-flex e-con e-child\" data-id=\"cdb9e03\" data-element_type=\"container\" data-e-type=\"container\" data-settings=\"{&quot;jet_parallax_layout_list&quot;:[]}\">\n\t\t\t\t<div class=\"elementor-element elementor-element-eb0cf2a elementor-widget elementor-widget-image\" data-id=\"eb0cf2a\" data-element_type=\"widget\" data-e-type=\"widget\" data-widget_type=\"image.default\">\n\t\t\t\t<div class=\"elementor-widget-container\">\n\t\t\t\t\t\t\t\t\t\t\t\t\t\t\t\t<a href=\"https:\/\/covertto.es\/marte\/\">\n\t\t\t\t\t\t\t<img decoding=\"async\" src=\"https:\/\/covertto.es\/wp-content\/uploads\/elementor\/thumbs\/tavolino-ares-600x600-2-r31zy65127y3jsqm9plb7zohc1qcczrz6t42uq2n4w.png\" title=\"tavolino-ares-600&#215;600 2\" alt=\"tavolino-ares-600x600 2\" loading=\"lazy\" \/>\t\t\t\t\t\t\t\t<\/a>\n\t\t\t\t\t\t\t\t\t\t\t\t\t\t\t<\/div>\n\t\t\t\t<\/div>\n\t\t\t\t<div class=\"elementor-element elementor-element-b255872 elementor-widget elementor-widget-heading\" data-id=\"b255872\" data-element_type=\"widget\" data-e-type=\"widget\" data-widget_type=\"heading.default\">\n\t\t\t\t<div class=\"elementor-widget-container\">\n\t\t\t\t\t<h2 class=\"elementor-heading-title elementor-size-default\"><a href=\"https:\/\/covertto.es\/marte\/\">MARTE SALOTTO<\/a><\/h2>\t\t\t\t<\/div>\n\t\t\t\t<\/div>\n\t\t\t\t<\/div>\n\t\t<div data-particle_enable=\"false\" data-particle-mobile-disabled=\"false\" class=\"elementor-element elementor-element-60305a7 e-con-full e-flex e-con e-child\" data-id=\"60305a7\" data-element_type=\"container\" data-e-type=\"container\" data-settings=\"{&quot;jet_parallax_layout_list&quot;:[]}\">\n\t\t\t\t<div class=\"elementor-element elementor-element-a3dfe6e elementor-widget elementor-widget-image\" data-id=\"a3dfe6e\" data-element_type=\"widget\" data-e-type=\"widget\" data-widget_type=\"image.default\">\n\t\t\t\t<div class=\"elementor-widget-container\">\n\t\t\t\t\t\t\t\t\t\t\t\t\t\t\t\t<a href=\"https:\/\/covertto.es\/mercurio\/\">\n\t\t\t\t\t\t\t<img decoding=\"async\" src=\"https:\/\/covertto.es\/wp-content\/uploads\/elementor\/thumbs\/tavolino-ares-600x600-3-r31zypvn1qp4blxy2g4h6cp5t511umyc9it9xj9di8.png\" title=\"tavolino-ares-600&#215;600 3\" alt=\"tavolino-ares-600x600 3\" loading=\"lazy\" \/>\t\t\t\t\t\t\t\t<\/a>\n\t\t\t\t\t\t\t\t\t\t\t\t\t\t\t<\/div>\n\t\t\t\t<\/div>\n\t\t\t\t<div class=\"elementor-element elementor-element-2b50e3d elementor-widget elementor-widget-heading\" data-id=\"2b50e3d\" data-element_type=\"widget\" data-e-type=\"widget\" data-widget_type=\"heading.default\">\n\t\t\t\t<div class=\"elementor-widget-container\">\n\t\t\t\t\t<h2 class=\"elementor-heading-title elementor-size-default\"><a href=\"https:\/\/covertto.es\/mercurio\/\">MERCURIO SALOTTO<\/a><\/h2>\t\t\t\t<\/div>\n\t\t\t\t<\/div>\n\t\t\t\t<\/div>\n\t\t<div data-particle_enable=\"false\" data-particle-mobile-disabled=\"false\" class=\"elementor-element elementor-element-e3546ed e-con-full e-flex e-con e-child\" data-id=\"e3546ed\" data-element_type=\"container\" data-e-type=\"container\" data-settings=\"{&quot;jet_parallax_layout_list&quot;:[]}\">\n\t\t\t\t<div class=\"elementor-element elementor-element-adfb7ac elementor-widget elementor-widget-image\" data-id=\"adfb7ac\" data-element_type=\"widget\" data-e-type=\"widget\" data-widget_type=\"image.default\">\n\t\t\t\t<div class=\"elementor-widget-container\">\n\t\t\t\t\t\t\t\t\t\t\t\t\t\t\t\t<a href=\"https:\/\/covertto.es\/ivna\/\">\n\t\t\t\t\t\t\t<img decoding=\"async\" src=\"https:\/\/covertto.es\/wp-content\/uploads\/elementor\/thumbs\/tavolino-ares-600x600-7-r31zz8oeufeurt6n0o90k7ydouge4l0z03uzj2hi1s.png\" title=\"tavolino-ares-600&#215;600 7\" alt=\"tavolino-ares-600x600 7\" loading=\"lazy\" \/>\t\t\t\t\t\t\t\t<\/a>\n\t\t\t\t\t\t\t\t\t\t\t\t\t\t\t<\/div>\n\t\t\t\t<\/div>\n\t\t\t\t<div class=\"elementor-element elementor-element-682a784 elementor-widget elementor-widget-heading\" data-id=\"682a784\" data-element_type=\"widget\" data-e-type=\"widget\" data-widget_type=\"heading.default\">\n\t\t\t\t<div class=\"elementor-widget-container\">\n\t\t\t\t\t<h2 class=\"elementor-heading-title elementor-size-default\"><a href=\"https:\/\/covertto.es\/ivna\/\">IVNA SALOTTO<\/a><\/h2>\t\t\t\t<\/div>\n\t\t\t\t<\/div>\n\t\t\t\t<\/div>\n\t\t\t\t\t<\/div>\n\t\t\t\t<\/div>\n\t\t\t\t<\/div>\n\t\t","protected":false},"excerpt":{"rendered":"<p>MERCURIO Les abris bas COVERTTO sont l&rsquo;option qui s&rsquo;adapte \u00e0 tout lieu et budget. Collection Mercurio Sophistication et Confort pour vos Ext\u00e9rieurs La collection Mercurio allie design \u00e9l\u00e9gant et mat\u00e9riaux de haute qualit\u00e9 pour cr\u00e9er une atmosph\u00e8re accueillante et moderne dans tout espace ext\u00e9rieur. Compos\u00e9e d&rsquo;un canap\u00e9, de fauteuils et d&rsquo;une table basse, chaque pi\u00e8ce [&hellip;]<\/p>\n","protected":false},"author":3,"featured_media":0,"parent":0,"menu_order":0,"comment_status":"closed","ping_status":"closed","template":"","meta":{"_acf_changed":false,"footnotes":""},"class_list":["post-4370","page","type-page","status-publish","hentry"],"acf":[],"_links":{"self":[{"href":"https:\/\/covertto.es\/fr\/wp-json\/wp\/v2\/pages\/4370","targetHints":{"allow":["GET"]}}],"collection":[{"href":"https:\/\/covertto.es\/fr\/wp-json\/wp\/v2\/pages"}],"about":[{"href":"https:\/\/covertto.es\/fr\/wp-json\/wp\/v2\/types\/page"}],"author":[{"embeddable":true,"href":"https:\/\/covertto.es\/fr\/wp-json\/wp\/v2\/users\/3"}],"replies":[{"embeddable":true,"href":"https:\/\/covertto.es\/fr\/wp-json\/wp\/v2\/comments?post=4370"}],"version-history":[{"count":1,"href":"https:\/\/covertto.es\/fr\/wp-json\/wp\/v2\/pages\/4370\/revisions"}],"predecessor-version":[{"id":4371,"href":"https:\/\/covertto.es\/fr\/wp-json\/wp\/v2\/pages\/4370\/revisions\/4371"}],"wp:attachment":[{"href":"https:\/\/covertto.es\/fr\/wp-json\/wp\/v2\/media?parent=4370"}],"curies":[{"name":"wp","href":"https:\/\/api.w.org\/{rel}","templated":true}]}}