{"id":4378,"date":"2024-09-04T14:26:04","date_gmt":"2024-09-04T12:26:04","guid":{"rendered":"https:\/\/covertto.es\/mentions-legales\/"},"modified":"2026-04-11T20:58:50","modified_gmt":"2026-04-11T18:58:50","slug":"mentions-legales","status":"publish","type":"page","link":"https:\/\/covertto.es\/fr\/mentions-legales\/","title":{"rendered":"Mentions l\u00e9gales"},"content":{"rendered":"\t\t<div data-elementor-type=\"wp-page\" data-elementor-id=\"4378\" class=\"elementor elementor-4378 elementor-332\" data-elementor-post-type=\"page\">\n\t\t\t\t<div data-particle_enable=\"false\" data-particle-mobile-disabled=\"false\" class=\"elementor-element elementor-element-24eeb58 e-flex e-con-boxed e-con e-parent\" data-id=\"24eeb58\" data-element_type=\"container\" data-e-type=\"container\" data-settings=\"{&quot;jet_parallax_layout_list&quot;:[]}\">\n\t\t\t\t\t<div class=\"e-con-inner\">\n\t\t\t\t<div class=\"elementor-element elementor-element-84b678f elementor-widget elementor-widget-heading\" data-id=\"84b678f\" data-element_type=\"widget\" data-e-type=\"widget\" data-widget_type=\"heading.default\">\n\t\t\t\t<div class=\"elementor-widget-container\">\n\t\t\t\t\t<h2 class=\"elementor-heading-title elementor-size-default\">Mentions l\u00e9gales<\/h2>\t\t\t\t<\/div>\n\t\t\t\t<\/div>\n\t\t\t\t<div class=\"elementor-element elementor-element-e458ec8 elementor-widget-divider--view-line elementor-widget elementor-widget-divider\" data-id=\"e458ec8\" data-element_type=\"widget\" data-e-type=\"widget\" data-widget_type=\"divider.default\">\n\t\t\t\t<div class=\"elementor-widget-container\">\n\t\t\t\t\t\t\t<div class=\"elementor-divider\">\n\t\t\t<span class=\"elementor-divider-separator\">\n\t\t\t\t\t\t<\/span>\n\t\t<\/div>\n\t\t\t\t\t\t<\/div>\n\t\t\t\t<\/div>\n\t\t\t\t\t<\/div>\n\t\t\t\t<\/div>\n\t\t<div data-particle_enable=\"false\" data-particle-mobile-disabled=\"false\" class=\"elementor-element elementor-element-63e021d e-flex e-con-boxed e-con e-parent\" data-id=\"63e021d\" data-element_type=\"container\" data-e-type=\"container\" data-settings=\"{&quot;jet_parallax_layout_list&quot;:[]}\">\n\t\t\t\t\t<div class=\"e-con-inner\">\n\t\t\t\t<div class=\"elementor-element elementor-element-30cf967 elementor-widget elementor-widget-text-editor\" data-id=\"30cf967\" data-element_type=\"widget\" data-e-type=\"widget\" data-widget_type=\"text-editor.default\">\n\t\t\t\t<div class=\"elementor-widget-container\">\n\t\t\t\t\t\t\t\t\t<p><strong>Date d&rsquo;entr\u00e9e en vigueur : 1er septembre 2024<\/strong><\/p><p>Ces Politiques L\u00e9gales \u00e9tablissent les termes et conditions r\u00e9gissant l&rsquo;utilisation de notre site web \u00ab Coverto \u00bb et de tous les services et contenus offerts \u00e0 travers celui-ci. En acc\u00e9dant et en utilisant notre site, vous acceptez de respecter ces politiques et toute loi applicable. Si vous n&rsquo;\u00eates pas d&rsquo;accord avec l&rsquo;une de ces politiques, veuillez ne pas utiliser notre site.<\/p><h2>1. Propri\u00e9t\u00e9 Intellectuelle<\/h2><h3>a. Droits d&rsquo;Auteur<\/h3><p>Tout le contenu, y compris les textes, graphiques, logos, images et logiciels apparaissant sur ce site est la propri\u00e9t\u00e9 de Coverto ou de ses titulaires de droits respectifs et est prot\u00e9g\u00e9 par les lois internationales et locales sur les droits d&rsquo;auteur. Vous ne pouvez pas copier, reproduire, distribuer, modifier, afficher ou autrement utiliser toute partie du contenu sans l&rsquo;autorisation \u00e9crite pr\u00e9alable de Coverto.<\/p><h3>b. Marques Commerciales<\/h3><p>Les marques commerciales, logos et marques de service apparaissant sur ce site sont la propri\u00e9t\u00e9 de Coverto ou de tiers. L&rsquo;utilisation de ces marques sans le consentement expr\u00e8s et \u00e9crit des titulaires est strictement interdite.<\/p><h2>2. Utilisation du Site<\/h2><h3>a. Acc\u00e8s et Utilisation Autoris\u00e9e<\/h3><p>Une licence limit\u00e9e et non exclusive vous est accord\u00e9e pour acc\u00e9der et utiliser notre site web \u00e0 des fins personnelles et non commerciales, \u00e0 condition de ne pas enfreindre ces Politiques L\u00e9gales. L&rsquo;utilisation du site \u00e0 toute fin illicite ou interdite par ces politiques est strictement prohib\u00e9e.<\/p><h3>b. Restrictions<\/h3><p>En utilisant notre site, vous vous engagez \u00e0 ne pas :<\/p><ul><li><strong>R\u00e9aliser des activit\u00e9s ill\u00e9gales<\/strong> : Utiliser le site pour des activit\u00e9s violant toute loi ou r\u00e9glementation locale, nationale ou internationale.<\/li><li><strong>Porter atteinte \u00e0 la s\u00e9curit\u00e9 du site<\/strong> : Tenter d&rsquo;obtenir un acc\u00e8s non autoris\u00e9 \u00e0 toute partie du site, aux comptes d&rsquo;autres utilisateurs, aux syst\u00e8mes informatiques ou r\u00e9seaux connect\u00e9s au site.<\/li><li><strong>Envoyer du contenu nuisible<\/strong> : Publier ou transmettre du mat\u00e9riel ill\u00e9gal, frauduleux, diffamatoire, obsc\u00e8ne, ou contenant des virus ou programmes nuisibles.<\/li><\/ul><h2>3. Limitation de Responsabilit\u00e9<\/h2><p>Coverto ne sera pas responsable de tout dommage direct, indirect, accessoire, sp\u00e9cial ou cons\u00e9cutif r\u00e9sultant de l&rsquo;utilisation ou de l&rsquo;impossibilit\u00e9 d&rsquo;utiliser notre site web ou nos services. Cela inclut, sans limitation, les dommages pour perte de b\u00e9n\u00e9fices, d&rsquo;utilisation, de donn\u00e9es ou d&rsquo;autres pertes immat\u00e9rielles.<\/p><h2>4. Liens vers des Sites Tiers<\/h2><p>Notre site web peut contenir des liens vers des sites web de tiers qui ne sont pas exploit\u00e9s par Coverto. Ces liens sont fournis pour votre commodit\u00e9 et r\u00e9f\u00e9rence. Nous ne contr\u00f4lons, n&rsquo;approuvons ni n&rsquo;assumons aucune responsabilit\u00e9 quant au contenu, aux politiques de confidentialit\u00e9 ou aux pratiques des sites web de tiers.<\/p><h2>5. Modifications des Politiques L\u00e9gales<\/h2><p>Nous pouvons r\u00e9viser ces Politiques L\u00e9gales \u00e0 tout moment en publiant une version actualis\u00e9e sur notre site. La date d&rsquo;entr\u00e9e en vigueur au d\u00e9but de ce document indique la derni\u00e8re r\u00e9vision. Il est de votre responsabilit\u00e9 de consulter p\u00e9riodiquement ces politiques pour vous assurer d&rsquo;\u00eatre inform\u00e9 de tout changement.<\/p><h2>6. Loi Applicable et Juridiction<\/h2><p>Ces Politiques L\u00e9gales seront r\u00e9gies et interpr\u00e9t\u00e9es conform\u00e9ment aux lois de [pays ou \u00e9tat applicable], sans donner effet \u00e0 aucun principe de conflits de lois. Tout litige li\u00e9 \u00e0 ces politiques sera r\u00e9solu exclusivement devant les tribunaux de [juridiction applicable].<\/p>\n\t\t\t\t\t\t\t\t<\/div>\n\t\t\t\t<\/div>\n\t\t\t\t\t<\/div>\n\t\t\t\t<\/div>\n\t\t\t\t<\/div>\n\t\t","protected":false},"excerpt":{"rendered":"<p>Mentions l\u00e9gales Date d&rsquo;entr\u00e9e en vigueur : 1er septembre 2024 Ces Politiques L\u00e9gales \u00e9tablissent les termes et conditions r\u00e9gissant l&rsquo;utilisation de notre site web \u00ab Coverto \u00bb et de tous les services et contenus offerts \u00e0 travers celui-ci. En acc\u00e9dant et en utilisant notre site, vous acceptez de respecter ces politiques et toute loi applicable. [&hellip;]<\/p>\n","protected":false},"author":2,"featured_media":0,"parent":0,"menu_order":0,"comment_status":"closed","ping_status":"closed","template":"elementor_header_footer","meta":{"_acf_changed":false,"footnotes":""},"class_list":["post-4378","page","type-page","status-publish","hentry"],"acf":[],"_links":{"self":[{"href":"https:\/\/covertto.es\/fr\/wp-json\/wp\/v2\/pages\/4378","targetHints":{"allow":["GET"]}}],"collection":[{"href":"https:\/\/covertto.es\/fr\/wp-json\/wp\/v2\/pages"}],"about":[{"href":"https:\/\/covertto.es\/fr\/wp-json\/wp\/v2\/types\/page"}],"author":[{"embeddable":true,"href":"https:\/\/covertto.es\/fr\/wp-json\/wp\/v2\/users\/2"}],"replies":[{"embeddable":true,"href":"https:\/\/covertto.es\/fr\/wp-json\/wp\/v2\/comments?post=4378"}],"version-history":[{"count":1,"href":"https:\/\/covertto.es\/fr\/wp-json\/wp\/v2\/pages\/4378\/revisions"}],"predecessor-version":[{"id":4379,"href":"https:\/\/covertto.es\/fr\/wp-json\/wp\/v2\/pages\/4378\/revisions\/4379"}],"wp:attachment":[{"href":"https:\/\/covertto.es\/fr\/wp-json\/wp\/v2\/media?parent=4378"}],"curies":[{"name":"wp","href":"https:\/\/api.w.org\/{rel}","templated":true}]}}