{"id":4386,"date":"2025-03-18T20:42:12","date_gmt":"2025-03-18T19:42:12","guid":{"rendered":"https:\/\/covertto.es\/ivna\/"},"modified":"2026-04-11T20:58:51","modified_gmt":"2026-04-11T18:58:51","slug":"ivna","status":"publish","type":"page","link":"https:\/\/covertto.es\/fr\/ivna\/","title":{"rendered":"Ivna"},"content":{"rendered":"\t\t<div data-elementor-type=\"wp-page\" data-elementor-id=\"4386\" class=\"elementor elementor-4386 elementor-3058\" data-elementor-post-type=\"page\">\n\t\t\t\t<div data-particle_enable=\"false\" data-particle-mobile-disabled=\"false\" class=\"elementor-element elementor-element-21fc4e1 e-flex e-con-boxed e-con e-parent\" data-id=\"21fc4e1\" data-element_type=\"container\" data-e-type=\"container\" data-settings=\"{&quot;background_background&quot;:&quot;classic&quot;,&quot;jet_parallax_layout_list&quot;:[]}\">\n\t\t\t\t\t<div class=\"e-con-inner\">\n\t\t<div data-particle_enable=\"false\" data-particle-mobile-disabled=\"false\" class=\"elementor-element elementor-element-3590216 e-con-full e-flex e-con e-child\" data-id=\"3590216\" data-element_type=\"container\" data-e-type=\"container\" data-settings=\"{&quot;jet_parallax_layout_list&quot;:[]}\">\n\t\t\t\t<div class=\"elementor-element elementor-element-5a0e8a9 elementor-widget elementor-widget-heading\" data-id=\"5a0e8a9\" data-element_type=\"widget\" data-e-type=\"widget\" data-widget_type=\"heading.default\">\n\t\t\t\t<div class=\"elementor-widget-container\">\n\t\t\t\t\t<h1 class=\"elementor-heading-title elementor-size-default\">IVNA<\/h1>\t\t\t\t<\/div>\n\t\t\t\t<\/div>\n\t\t\t\t<div class=\"elementor-element elementor-element-41e7165 elementor-widget-divider--view-line elementor-widget elementor-widget-divider\" data-id=\"41e7165\" data-element_type=\"widget\" data-e-type=\"widget\" data-widget_type=\"divider.default\">\n\t\t\t\t<div class=\"elementor-widget-container\">\n\t\t\t\t\t\t\t<div class=\"elementor-divider\">\n\t\t\t<span class=\"elementor-divider-separator\">\n\t\t\t\t\t\t<\/span>\n\t\t<\/div>\n\t\t\t\t\t\t<\/div>\n\t\t\t\t<\/div>\n\t\t\t\t<div class=\"elementor-element elementor-element-ac465f6 elementor-hidden-desktop elementor-hidden-tablet elementor-hidden-mobile elementor-widget elementor-widget-text-editor\" data-id=\"ac465f6\" data-element_type=\"widget\" data-e-type=\"widget\" data-widget_type=\"text-editor.default\">\n\t\t\t\t<div class=\"elementor-widget-container\">\n\t\t\t\t\t\t\t\t\t<p>Les abris bas COVERTTO sont l&rsquo;option qui s&rsquo;adapte \u00e0 tout lieu et budget.<\/p>\t\t\t\t\t\t\t\t<\/div>\n\t\t\t\t<\/div>\n\t\t\t\t<\/div>\n\t\t\t\t\t<\/div>\n\t\t\t\t<\/div>\n\t\t<div data-particle_enable=\"false\" data-particle-mobile-disabled=\"false\" class=\"elementor-element elementor-element-f8d6dd6 animated-fast e-flex e-con-boxed elementor-invisible e-con e-parent\" data-id=\"f8d6dd6\" data-element_type=\"container\" data-e-type=\"container\" data-settings=\"{&quot;jet_parallax_layout_list&quot;:[],&quot;animation&quot;:&quot;slideInDown&quot;}\">\n\t\t\t\t\t<div class=\"e-con-inner\">\n\t\t\t\t<div class=\"elementor-element elementor-element-641c4ae elementor-widget elementor-widget-heading\" data-id=\"641c4ae\" data-element_type=\"widget\" data-e-type=\"widget\" data-widget_type=\"heading.default\">\n\t\t\t\t<div class=\"elementor-widget-container\">\n\t\t\t\t\t<h2 class=\"elementor-heading-title elementor-size-default\">Collection Ivna<\/h2>\t\t\t\t<\/div>\n\t\t\t\t<\/div>\n\t\t\t\t<div class=\"elementor-element elementor-element-df34f48 elementor-widget-divider--view-line elementor-widget elementor-widget-divider\" data-id=\"df34f48\" data-element_type=\"widget\" data-e-type=\"widget\" data-widget_type=\"divider.default\">\n\t\t\t\t<div class=\"elementor-widget-container\">\n\t\t\t\t\t\t\t<div class=\"elementor-divider\">\n\t\t\t<span class=\"elementor-divider-separator\">\n\t\t\t\t\t\t<\/span>\n\t\t<\/div>\n\t\t\t\t\t\t<\/div>\n\t\t\t\t<\/div>\n\t\t\t\t\t<\/div>\n\t\t\t\t<\/div>\n\t\t<div data-particle_enable=\"false\" data-particle-mobile-disabled=\"false\" class=\"elementor-element elementor-element-a24cc47 animated-fast e-flex e-con-boxed elementor-invisible e-con e-parent\" data-id=\"a24cc47\" data-element_type=\"container\" data-e-type=\"container\" data-settings=\"{&quot;jet_parallax_layout_list&quot;:[],&quot;animation&quot;:&quot;slideInUp&quot;}\">\n\t\t\t\t\t<div class=\"e-con-inner\">\n\t\t<div data-particle_enable=\"false\" data-particle-mobile-disabled=\"false\" class=\"elementor-element elementor-element-d7f680e e-con-full e-flex e-con e-child\" data-id=\"d7f680e\" data-element_type=\"container\" data-e-type=\"container\" data-settings=\"{&quot;jet_parallax_layout_list&quot;:[]}\">\n\t\t\t\t<div class=\"elementor-element elementor-element-ac362fb elementor-widget__width-initial elementor-widget elementor-widget-text-editor\" data-id=\"ac362fb\" data-element_type=\"widget\" data-e-type=\"widget\" data-widget_type=\"text-editor.default\">\n\t\t\t\t<div class=\"elementor-widget-container\">\n\t\t\t\t\t\t\t\t\t<ul><li><strong>Sophistication et Confort dans un Design Intemporel.<\/strong><\/li><\/ul><p>La collection Ivna se distingue par son esth\u00e9tique uniforme et sophistiqu\u00e9e dans un \u00e9l\u00e9gant ton gris, cr\u00e9ant une atmosph\u00e8re harmonieuse qui s&rsquo;adapte parfaitement \u00e0 tout espace ext\u00e9rieur.<\/p><p>Compos\u00e9e d&rsquo;un canap\u00e9, de fauteuils et d&rsquo;une table basse, chaque pi\u00e8ce a \u00e9t\u00e9 m\u00e9ticuleusement con\u00e7ue pour garantir un confort maximal, une durabilit\u00e9 et un entretien facile.<\/p><ul><li>Structure en aluminium avec peinture en poudre, l\u00e9g\u00e8re et hautement r\u00e9sistante aux intemp\u00e9ries, la prot\u00e9geant de la corrosion et de l&rsquo;usure climatique.<\/li><li>Coussins d\u00e9houssables en tissu Olefin, un mat\u00e9riau doux, durable et r\u00e9sistant \u00e0 l&rsquo;usure, aux taches et aux moisissures.<\/li><li>Cordes en Olefin, apportant stabilit\u00e9 et une finition sophistiqu\u00e9e, alliant esth\u00e9tique et fonctionnalit\u00e9.<\/li><\/ul><p>Id\u00e9ale pour les jardins, terrasses ou espaces d&rsquo;h\u00f4tellerie, la collection Ivna est synonyme de sophistication et de bien-\u00eatre, offrant un espace accueillant pour profiter du plein air avec style et confort.<\/p>\n\t\t\t\t\t\t\t\t<\/div>\n\t\t\t\t<\/div>\n\t\t\t\t<div class=\"elementor-element elementor-element-f98a3b0 elementor-align-left elementor-widget elementor-widget-button\" data-id=\"f98a3b0\" data-element_type=\"widget\" data-e-type=\"widget\" data-widget_type=\"button.default\">\n\t\t\t\t<div class=\"elementor-widget-container\">\n\t\t\t\t\t\t\t\t\t<div class=\"elementor-button-wrapper\">\n\t\t\t\t\t<a class=\"elementor-button elementor-button-link elementor-size-sm\" href=\"https:\/\/covertto.es\/fr\/contact\/\">\n\t\t\t\t\t\t<span class=\"elementor-button-content-wrapper\">\n\t\t\t\t\t\t\t\t\t<span class=\"elementor-button-text\">Demander un devis<\/span>\n\t\t\t\t\t<\/span>\n\t\t\t\t\t<\/a>\n\t\t\t\t<\/div>\n\t\t\t\t\t\t\t\t<\/div>\n\t\t\t\t<\/div>\n\t\t\t\t<\/div>\n\t\t<div data-particle_enable=\"false\" data-particle-mobile-disabled=\"false\" class=\"elementor-element elementor-element-1f61d49 e-con-full e-flex e-con e-child\" data-id=\"1f61d49\" data-element_type=\"container\" data-e-type=\"container\" data-settings=\"{&quot;jet_parallax_layout_list&quot;:[]}\">\n\t\t\t\t<div class=\"elementor-element elementor-element-12559de elementor-arrows-position-inside elementor-widget elementor-widget-image-carousel\" data-id=\"12559de\" data-element_type=\"widget\" data-e-type=\"widget\" data-settings=\"{&quot;slides_to_show&quot;:&quot;1&quot;,&quot;navigation&quot;:&quot;arrows&quot;,&quot;autoplay&quot;:&quot;yes&quot;,&quot;pause_on_hover&quot;:&quot;yes&quot;,&quot;pause_on_interaction&quot;:&quot;yes&quot;,&quot;autoplay_speed&quot;:5000,&quot;infinite&quot;:&quot;yes&quot;,&quot;effect&quot;:&quot;slide&quot;,&quot;speed&quot;:500}\" data-widget_type=\"image-carousel.default\">\n\t\t\t\t<div class=\"elementor-widget-container\">\n\t\t\t\t\t\t\t<div class=\"elementor-image-carousel-wrapper swiper\" role=\"region\" aria-roledescription=\"carousel\" aria-label=\"Carrusel de im\u00e1genes\" dir=\"ltr\">\n\t\t\t<div class=\"elementor-image-carousel swiper-wrapper swiper-image-stretch\" aria-live=\"off\">\n\t\t\t\t\t\t\t\t<div class=\"swiper-slide\" role=\"group\" aria-roledescription=\"slide\" aria-label=\"1 sur 1\"><figure class=\"swiper-slide-inner\"><img decoding=\"async\" class=\"swiper-slide-image\" src=\"https:\/\/covertto.es\/wp-content\/uploads\/2025\/05\/Cam_2-1.jpg\" alt=\"Cam_2 (1)\" \/><\/figure><\/div>\t\t\t<\/div>\n\t\t\t\t\t<\/div>\n\t\t\t\t\t\t<\/div>\n\t\t\t\t<\/div>\n\t\t\t\t<\/div>\n\t\t\t\t\t<\/div>\n\t\t\t\t<\/div>\n\t\t<div data-particle_enable=\"false\" data-particle-mobile-disabled=\"false\" class=\"elementor-element elementor-element-ec0c21c animated-fast e-flex e-con-boxed elementor-invisible e-con e-parent\" data-id=\"ec0c21c\" data-element_type=\"container\" data-e-type=\"container\" data-settings=\"{&quot;jet_parallax_layout_list&quot;:[],&quot;animation&quot;:&quot;slideInDown&quot;}\">\n\t\t\t\t\t<div class=\"e-con-inner\">\n\t\t\t\t<div class=\"elementor-element elementor-element-4ef025e elementor-widget elementor-widget-heading\" data-id=\"4ef025e\" data-element_type=\"widget\" data-e-type=\"widget\" data-widget_type=\"heading.default\">\n\t\t\t\t<div class=\"elementor-widget-container\">\n\t\t\t\t\t<h2 class=\"elementor-heading-title elementor-size-default\">Autres produits<\/h2>\t\t\t\t<\/div>\n\t\t\t\t<\/div>\n\t\t\t\t<div class=\"elementor-element elementor-element-c3bea6c elementor-widget-divider--view-line elementor-widget elementor-widget-divider\" data-id=\"c3bea6c\" data-element_type=\"widget\" data-e-type=\"widget\" data-widget_type=\"divider.default\">\n\t\t\t\t<div class=\"elementor-widget-container\">\n\t\t\t\t\t\t\t<div class=\"elementor-divider\">\n\t\t\t<span class=\"elementor-divider-separator\">\n\t\t\t\t\t\t<\/span>\n\t\t<\/div>\n\t\t\t\t\t\t<\/div>\n\t\t\t\t<\/div>\n\t\t\t\t\t<\/div>\n\t\t\t\t<\/div>\n\t\t<div data-particle_enable=\"false\" data-particle-mobile-disabled=\"false\" class=\"elementor-element elementor-element-c2847b9 animated-fast e-flex e-con-boxed elementor-invisible e-con e-parent\" data-id=\"c2847b9\" data-element_type=\"container\" data-e-type=\"container\" data-settings=\"{&quot;jet_parallax_layout_list&quot;:[],&quot;animation&quot;:&quot;slideInUp&quot;}\">\n\t\t\t\t\t<div class=\"e-con-inner\">\n\t\t<div data-particle_enable=\"false\" data-particle-mobile-disabled=\"false\" class=\"elementor-element elementor-element-0a159e0 e-con-full e-flex e-con e-child\" data-id=\"0a159e0\" data-element_type=\"container\" data-e-type=\"container\" data-settings=\"{&quot;jet_parallax_layout_list&quot;:[]}\">\n\t\t\t\t<div class=\"elementor-element elementor-element-c855fc0 elementor-widget elementor-widget-image\" data-id=\"c855fc0\" data-element_type=\"widget\" data-e-type=\"widget\" data-widget_type=\"image.default\">\n\t\t\t\t<div class=\"elementor-widget-container\">\n\t\t\t\t\t\t\t\t\t\t\t\t\t\t\t\t<a href=\"https:\/\/covertto.es\/fr\/pergola-oasis\/\">\n\t\t\t\t\t\t\t<img decoding=\"async\" src=\"https:\/\/covertto.es\/wp-content\/uploads\/elementor\/thumbs\/tavolino-ares-600x600-1-r31zxa6iluqcl211gbrzv7qt4y3v3a93qexkjbe10g.png\" title=\"tavolino-ares-600&#215;600 1\" alt=\"tavolino-ares-600x600 1\" loading=\"lazy\" \/>\t\t\t\t\t\t\t\t<\/a>\n\t\t\t\t\t\t\t\t\t\t\t\t\t\t\t<\/div>\n\t\t\t\t<\/div>\n\t\t\t\t<div class=\"elementor-element elementor-element-05198f8 elementor-widget elementor-widget-heading\" data-id=\"05198f8\" data-element_type=\"widget\" data-e-type=\"widget\" data-widget_type=\"heading.default\">\n\t\t\t\t<div class=\"elementor-widget-container\">\n\t\t\t\t\t<h2 class=\"elementor-heading-title elementor-size-default\"><a href=\"https:\/\/covertto.es\/fr\/pergola-oasis\/\">PERGOLA OASIS<\/a><\/h2>\t\t\t\t<\/div>\n\t\t\t\t<\/div>\n\t\t\t\t<\/div>\n\t\t<div data-particle_enable=\"false\" data-particle-mobile-disabled=\"false\" class=\"elementor-element elementor-element-0d21df8 e-con-full e-flex e-con e-child\" data-id=\"0d21df8\" data-element_type=\"container\" data-e-type=\"container\" data-settings=\"{&quot;jet_parallax_layout_list&quot;:[]}\">\n\t\t\t\t<div class=\"elementor-element elementor-element-c3aaed9 elementor-widget elementor-widget-image\" data-id=\"c3aaed9\" data-element_type=\"widget\" data-e-type=\"widget\" data-widget_type=\"image.default\">\n\t\t\t\t<div class=\"elementor-widget-container\">\n\t\t\t\t\t\t\t\t\t\t\t\t\t\t\t\t<a href=\"https:\/\/covertto.es\/marte\/\">\n\t\t\t\t\t\t\t<img decoding=\"async\" src=\"https:\/\/covertto.es\/wp-content\/uploads\/elementor\/thumbs\/tavolino-ares-600x600-2-r31zy65127y3jsqm9plb7zohc1qcczrz6t42uq2n4w.png\" title=\"tavolino-ares-600&#215;600 2\" alt=\"tavolino-ares-600x600 2\" loading=\"lazy\" \/>\t\t\t\t\t\t\t\t<\/a>\n\t\t\t\t\t\t\t\t\t\t\t\t\t\t\t<\/div>\n\t\t\t\t<\/div>\n\t\t\t\t<div class=\"elementor-element elementor-element-663a635 elementor-widget elementor-widget-heading\" data-id=\"663a635\" data-element_type=\"widget\" data-e-type=\"widget\" data-widget_type=\"heading.default\">\n\t\t\t\t<div class=\"elementor-widget-container\">\n\t\t\t\t\t<h2 class=\"elementor-heading-title elementor-size-default\"><a href=\"https:\/\/covertto.es\/marte\/\">MARTE SALOTTO<\/a><\/h2>\t\t\t\t<\/div>\n\t\t\t\t<\/div>\n\t\t\t\t<\/div>\n\t\t<div data-particle_enable=\"false\" data-particle-mobile-disabled=\"false\" class=\"elementor-element elementor-element-b55d1a2 e-con-full e-flex e-con e-child\" data-id=\"b55d1a2\" data-element_type=\"container\" data-e-type=\"container\" data-settings=\"{&quot;jet_parallax_layout_list&quot;:[]}\">\n\t\t\t\t<div class=\"elementor-element elementor-element-c047b82 elementor-widget elementor-widget-image\" data-id=\"c047b82\" data-element_type=\"widget\" data-e-type=\"widget\" data-widget_type=\"image.default\">\n\t\t\t\t<div class=\"elementor-widget-container\">\n\t\t\t\t\t\t\t\t\t\t\t\t\t\t\t\t<a href=\"https:\/\/covertto.es\/mercurio\/\">\n\t\t\t\t\t\t\t<img decoding=\"async\" src=\"https:\/\/covertto.es\/wp-content\/uploads\/elementor\/thumbs\/tavolino-ares-600x600-3-r31zypvn1qp4blxy2g4h6cp5t511umyc9it9xj9di8.png\" title=\"tavolino-ares-600&#215;600 3\" alt=\"tavolino-ares-600x600 3\" loading=\"lazy\" \/>\t\t\t\t\t\t\t\t<\/a>\n\t\t\t\t\t\t\t\t\t\t\t\t\t\t\t<\/div>\n\t\t\t\t<\/div>\n\t\t\t\t<div class=\"elementor-element elementor-element-85fd2fe elementor-widget elementor-widget-heading\" data-id=\"85fd2fe\" data-element_type=\"widget\" data-e-type=\"widget\" data-widget_type=\"heading.default\">\n\t\t\t\t<div class=\"elementor-widget-container\">\n\t\t\t\t\t<h2 class=\"elementor-heading-title elementor-size-default\"><a href=\"https:\/\/covertto.es\/mercurio\/\">MERCURIO SALOTTO<\/a><\/h2>\t\t\t\t<\/div>\n\t\t\t\t<\/div>\n\t\t\t\t<\/div>\n\t\t<div data-particle_enable=\"false\" data-particle-mobile-disabled=\"false\" class=\"elementor-element elementor-element-9a9941b e-con-full e-flex e-con e-child\" data-id=\"9a9941b\" data-element_type=\"container\" data-e-type=\"container\" data-settings=\"{&quot;jet_parallax_layout_list&quot;:[]}\">\n\t\t\t\t<div class=\"elementor-element elementor-element-6d9b78e elementor-widget elementor-widget-image\" data-id=\"6d9b78e\" data-element_type=\"widget\" data-e-type=\"widget\" data-widget_type=\"image.default\">\n\t\t\t\t<div class=\"elementor-widget-container\">\n\t\t\t\t\t\t\t\t\t\t\t\t\t\t\t\t<a href=\"https:\/\/covertto.es\/ivna\/\">\n\t\t\t\t\t\t\t<img decoding=\"async\" src=\"https:\/\/covertto.es\/wp-content\/uploads\/elementor\/thumbs\/tavolino-ares-600x600-7-r31zz8oeufeurt6n0o90k7ydouge4l0z03uzj2hi1s.png\" title=\"tavolino-ares-600&#215;600 7\" alt=\"tavolino-ares-600x600 7\" loading=\"lazy\" \/>\t\t\t\t\t\t\t\t<\/a>\n\t\t\t\t\t\t\t\t\t\t\t\t\t\t\t<\/div>\n\t\t\t\t<\/div>\n\t\t\t\t<div class=\"elementor-element elementor-element-f3e8300 elementor-widget elementor-widget-heading\" data-id=\"f3e8300\" data-element_type=\"widget\" data-e-type=\"widget\" data-widget_type=\"heading.default\">\n\t\t\t\t<div class=\"elementor-widget-container\">\n\t\t\t\t\t<h2 class=\"elementor-heading-title elementor-size-default\"><a href=\"https:\/\/covertto.es\/ivna\/\">IVNA SALOTTO<\/a><\/h2>\t\t\t\t<\/div>\n\t\t\t\t<\/div>\n\t\t\t\t<\/div>\n\t\t\t\t\t<\/div>\n\t\t\t\t<\/div>\n\t\t\t\t<\/div>\n\t\t","protected":false},"excerpt":{"rendered":"<p>IVNA Les abris bas COVERTTO sont l&rsquo;option qui s&rsquo;adapte \u00e0 tout lieu et budget. Collection Ivna Sophistication et Confort dans un Design Intemporel. La collection Ivna se distingue par son esth\u00e9tique uniforme et sophistiqu\u00e9e dans un \u00e9l\u00e9gant ton gris, cr\u00e9ant une atmosph\u00e8re harmonieuse qui s&rsquo;adapte parfaitement \u00e0 tout espace ext\u00e9rieur. Compos\u00e9e d&rsquo;un canap\u00e9, de fauteuils [&hellip;]<\/p>\n","protected":false},"author":3,"featured_media":0,"parent":0,"menu_order":0,"comment_status":"closed","ping_status":"closed","template":"","meta":{"_acf_changed":false,"footnotes":""},"class_list":["post-4386","page","type-page","status-publish","hentry"],"acf":[],"_links":{"self":[{"href":"https:\/\/covertto.es\/fr\/wp-json\/wp\/v2\/pages\/4386","targetHints":{"allow":["GET"]}}],"collection":[{"href":"https:\/\/covertto.es\/fr\/wp-json\/wp\/v2\/pages"}],"about":[{"href":"https:\/\/covertto.es\/fr\/wp-json\/wp\/v2\/types\/page"}],"author":[{"embeddable":true,"href":"https:\/\/covertto.es\/fr\/wp-json\/wp\/v2\/users\/3"}],"replies":[{"embeddable":true,"href":"https:\/\/covertto.es\/fr\/wp-json\/wp\/v2\/comments?post=4386"}],"version-history":[{"count":1,"href":"https:\/\/covertto.es\/fr\/wp-json\/wp\/v2\/pages\/4386\/revisions"}],"predecessor-version":[{"id":4387,"href":"https:\/\/covertto.es\/fr\/wp-json\/wp\/v2\/pages\/4386\/revisions\/4387"}],"wp:attachment":[{"href":"https:\/\/covertto.es\/fr\/wp-json\/wp\/v2\/media?parent=4386"}],"curies":[{"name":"wp","href":"https:\/\/api.w.org\/{rel}","templated":true}]}}