{"id":4398,"date":"2024-08-21T06:12:09","date_gmt":"2024-08-21T04:12:09","guid":{"rendered":"https:\/\/covertto.es\/abris-praticables\/"},"modified":"2026-04-11T20:58:52","modified_gmt":"2026-04-11T18:58:52","slug":"abris-praticables","status":"publish","type":"page","link":"https:\/\/covertto.es\/fr\/abris-praticables\/","title":{"rendered":"Abris Praticables"},"content":{"rendered":"\t\t<div data-elementor-type=\"wp-page\" data-elementor-id=\"4398\" class=\"elementor elementor-4398 elementor-295\" data-elementor-post-type=\"page\">\n\t\t\t\t<div data-particle_enable=\"false\" data-particle-mobile-disabled=\"false\" class=\"elementor-element elementor-element-d1f4668 e-flex e-con-boxed e-con e-parent\" data-id=\"d1f4668\" data-element_type=\"container\" data-e-type=\"container\" data-settings=\"{&quot;background_background&quot;:&quot;classic&quot;,&quot;jet_parallax_layout_list&quot;:[]}\">\n\t\t\t\t\t<div class=\"e-con-inner\">\n\t\t<div data-particle_enable=\"false\" data-particle-mobile-disabled=\"false\" class=\"elementor-element elementor-element-6accb0d e-con-full e-flex e-con e-child\" data-id=\"6accb0d\" data-element_type=\"container\" data-e-type=\"container\" data-settings=\"{&quot;jet_parallax_layout_list&quot;:[]}\">\n\t\t\t\t<div class=\"elementor-element elementor-element-71ec2d9 elementor-widget elementor-widget-heading\" data-id=\"71ec2d9\" data-element_type=\"widget\" data-e-type=\"widget\" data-widget_type=\"heading.default\">\n\t\t\t\t<div class=\"elementor-widget-container\">\n\t\t\t\t\t<h1 class=\"elementor-heading-title elementor-size-default\">Abris Praticables<\/h1>\t\t\t\t<\/div>\n\t\t\t\t<\/div>\n\t\t\t\t<div class=\"elementor-element elementor-element-928f9f1 elementor-widget-divider--view-line elementor-widget elementor-widget-divider\" data-id=\"928f9f1\" data-element_type=\"widget\" data-e-type=\"widget\" data-widget_type=\"divider.default\">\n\t\t\t\t<div class=\"elementor-widget-container\">\n\t\t\t\t\t\t\t<div class=\"elementor-divider\">\n\t\t\t<span class=\"elementor-divider-separator\">\n\t\t\t\t\t\t<\/span>\n\t\t<\/div>\n\t\t\t\t\t\t<\/div>\n\t\t\t\t<\/div>\n\t\t\t\t<div class=\"elementor-element elementor-element-2314dd8 elementor-widget elementor-widget-text-editor\" data-id=\"2314dd8\" data-element_type=\"widget\" data-e-type=\"widget\" data-widget_type=\"text-editor.default\">\n\t\t\t\t<div class=\"elementor-widget-container\">\n\t\t\t\t\t\t\t\t\t<p>Utiliza la cubierta como una extensi\u00f3n de tu terraza o jard\u00edn, dise\u00f1ada para soportar mobiliario y elementos decorativos o funcionales.<\/p>\t\t\t\t\t\t\t\t<\/div>\n\t\t\t\t<\/div>\n\t\t\t\t<\/div>\n\t\t<div data-particle_enable=\"false\" data-particle-mobile-disabled=\"false\" class=\"elementor-element elementor-element-3f9c451 e-con-full elementor-hidden-mobile e-flex e-con e-child\" data-id=\"3f9c451\" data-element_type=\"container\" data-e-type=\"container\" data-settings=\"{&quot;jet_parallax_layout_list&quot;:[]}\">\n\t\t\t\t<\/div>\n\t\t\t\t\t<\/div>\n\t\t\t\t<\/div>\n\t\t<div data-particle_enable=\"false\" data-particle-mobile-disabled=\"false\" class=\"elementor-element elementor-element-368fae1 e-flex e-con-boxed e-con e-parent\" data-id=\"368fae1\" data-element_type=\"container\" data-e-type=\"container\" data-settings=\"{&quot;jet_parallax_layout_list&quot;:[]}\">\n\t\t\t\t\t<div class=\"e-con-inner\">\n\t\t\t\t<div class=\"elementor-element elementor-element-b5cedef elementor-widget elementor-widget-html\" data-id=\"b5cedef\" data-element_type=\"widget\" data-e-type=\"widget\" data-widget_type=\"html.default\">\n\t\t\t\t<div class=\"elementor-widget-container\">\n\t\t\t\t\t<style>\r\nbody{\r\n    --speed: 40s;\r\n}\r\n.sliding-text .elementor-widget-wrap{\r\n    display: block !important;\r\n}\r\n.sliding-text .elementor-widget{\r\n    overflow: hidden;\r\n    width: 10000vw !important;\r\n    max-width: 10000vw !important;\r\n}\r\n.sliding-text .sliding .elementor-widget-container{\r\n    -webkit-animation: sliding var(--speed) linear infinite;\r\n    -moz-animation: sliding var(--speed) linear infinite;\r\n    -o-animation: sliding var(--speed) linear infinite;\r\n    animation: sliding var(--speed) linear infinite;\r\n}\r\n.sliding-text .elementor-widget-container{\r\n    float: left;\r\n}\r\n.sliding-text.reverse{\r\n    transform: rotate(180deg);\r\n}\r\n.sliding-text.reverse .sliding .elementor-heading-title{\r\n    transform: scale(-1, -1);\r\n}\r\n@keyframe sliding{\r\n0%{ transform: translateX(0); }\r\n100%{ transform: translateX(-100%); }\r\n}\r\n@-webkit-keyframes sliding {\r\n0%{ transform: translateX(0); }\r\n100%{ transform: translateX(-100%); }\r\n}\r\n@-moz-keyframes sliding {\r\n0%{ transform: translateX(0); }\r\n100%{ transform: translateX(-100%); }\r\n}\r\n@-o-keyframes sliding {\r\n0%{ transform: translateX(0); }\r\n100%{ transform: translateX(-100%); }\r\n}\r\n@keyframes sliding {\r\n0%{ transform: translateX(0); }\r\n100%{ transform: translateX(-100%); }\r\n}\r\n<\/style><script src=\"https:\/\/code.jquery.com\/jquery-3.6.0.min.js\"><\/script><script>\r\nvar $ = jQuery\r\n\r\n$(document).ready(function(){\r\n\r\n    var h = []\r\n\r\n    $('.sliding-text').each(function(){\r\n        h.push($(this).find('.elementor-widget').clone().html())\r\n    })\r\n\r\n    function init(){\r\n        $('.sliding-text').each(function(i){\r\n\r\n            var $this = $(this)\r\n\r\n            $this.find('.elementor-widget').removeClass('sliding')\r\n\r\n            var amount = Math.ceil($(window).width()\/$(this).find('.elementor-widget-container').outerWidth(true)) + 1\r\n\r\n            $this.find('.elementor-widget').empty().addClass('sliding')\r\n            $this.find('.elementor-widget').html(h[i].repeat(amount))\r\n        })\r\n    }\r\n\r\n    init()\r\n    $(window).on('load resize', init)\r\n})\r\n<\/script>\t\t\t\t<\/div>\n\t\t\t\t<\/div>\n\t\t<div data-particle_enable=\"false\" data-particle-mobile-disabled=\"false\" class=\"elementor-element elementor-element-fa0eb46 e-con-full sliding-text e-flex e-con e-child\" data-id=\"fa0eb46\" data-element_type=\"container\" data-e-type=\"container\" data-settings=\"{&quot;jet_parallax_layout_list&quot;:[]}\">\n\t\t\t\t<div class=\"elementor-element elementor-element-c9b952d elementor-widget-mobile__width-initial elementor-widget elementor-widget-heading\" data-id=\"c9b952d\" data-element_type=\"widget\" data-e-type=\"widget\" data-widget_type=\"heading.default\">\n\t\t\t\t<div class=\"elementor-widget-container\">\n\t\t\t\t\t<h2 class=\"elementor-heading-title elementor-size-default\">COVERTTO | Outdoor living experience |   COVERTTO | Outdoor living experience |   COVERTTO | Outdoor living experience |   COVERTTO | Outdoor living experience |   COVERTTO | Outdoor living experience |   COVERTTO | Outdoor living experience |   <\/h2>\t\t\t\t<\/div>\n\t\t\t\t<\/div>\n\t\t\t\t<\/div>\n\t\t\t\t\t<\/div>\n\t\t\t\t<\/div>\n\t\t<div data-particle_enable=\"false\" data-particle-mobile-disabled=\"false\" class=\"elementor-element elementor-element-14f81ba animated-fast e-flex e-con-boxed elementor-invisible e-con e-parent\" data-id=\"14f81ba\" data-element_type=\"container\" data-e-type=\"container\" data-settings=\"{&quot;jet_parallax_layout_list&quot;:[],&quot;animation&quot;:&quot;slideInLeft&quot;}\">\n\t\t\t\t\t<div class=\"e-con-inner\">\n\t\t\t\t<div class=\"elementor-element elementor-element-903b262 elementor-widget elementor-widget-heading\" data-id=\"903b262\" data-element_type=\"widget\" data-e-type=\"widget\" data-widget_type=\"heading.default\">\n\t\t\t\t<div class=\"elementor-widget-container\">\n\t\t\t\t\t<h2 class=\"elementor-heading-title elementor-size-default\">Praticables<\/h2>\t\t\t\t<\/div>\n\t\t\t\t<\/div>\n\t\t\t\t<div class=\"elementor-element elementor-element-7b7129f elementor-widget-divider--view-line elementor-widget elementor-widget-divider\" data-id=\"7b7129f\" data-element_type=\"widget\" data-e-type=\"widget\" data-widget_type=\"divider.default\">\n\t\t\t\t<div class=\"elementor-widget-container\">\n\t\t\t\t\t\t\t<div class=\"elementor-divider\">\n\t\t\t<span class=\"elementor-divider-separator\">\n\t\t\t\t\t\t<\/span>\n\t\t<\/div>\n\t\t\t\t\t\t<\/div>\n\t\t\t\t<\/div>\n\t\t\t\t<div class=\"elementor-element elementor-element-25d6a0b elementor-widget__width-initial elementor-widget elementor-widget-text-editor\" data-id=\"25d6a0b\" data-element_type=\"widget\" data-e-type=\"widget\" data-widget_type=\"text-editor.default\">\n\t\t\t\t<div class=\"elementor-widget-container\">\n\t\t\t\t\t\t\t\t\t<p>Cubierta transitable telesco\u0301pica plana con rai\u0301l suelo, garantiza un desplazamiento liviano y sencillo.\u2028Su superficie plana ofrece una gran versatilidad, permitiendo su uso de distintas maneras, ya sea abierta o cerrada. El rai\u0301l permite desplazar la cubierta en modo verano, descubriendo la piscina por completo.<\/p><p><strong>Ventajas de las cubiertas transitables:<\/strong><\/p><ul><li>Apertura y cierre ra\u0301pido y sencillo, por una sola persona.<\/li><li>Utilizacio\u0301n del a\u0301rea de la piscina como zona de estar.<\/li><li>Permite el tra\u0301nsito de personas con la piscina cubierta.<\/li><li>Ideal para jardines con espacios reducidos.<\/li><li>Preserva las vistas panora\u0301micas.<\/li><\/ul>\t\t\t\t\t\t\t\t<\/div>\n\t\t\t\t<\/div>\n\t\t\t\t<div class=\"elementor-element elementor-element-a806467 elementor-widget elementor-widget-button\" data-id=\"a806467\" data-element_type=\"widget\" data-e-type=\"widget\" data-widget_type=\"button.default\">\n\t\t\t\t<div class=\"elementor-widget-container\">\n\t\t\t\t\t\t\t\t\t<div class=\"elementor-button-wrapper\">\n\t\t\t\t\t<a class=\"elementor-button elementor-button-link elementor-size-sm\" href=\"#elementor-action%3Aaction%3Dpopup%3Aopen%26settings%3DeyJpZCI6NDU3NSwidG9nZ2xlIjpmYWxzZX0%3D\">\n\t\t\t\t\t\t<span class=\"elementor-button-content-wrapper\">\n\t\t\t\t\t\t\t\t\t<span class=\"elementor-button-text\">Solicita la ficha completa<\/span>\n\t\t\t\t\t<\/span>\n\t\t\t\t\t<\/a>\n\t\t\t\t<\/div>\n\t\t\t\t\t\t\t\t<\/div>\n\t\t\t\t<\/div>\n\t\t\t\t\t<\/div>\n\t\t\t\t<\/div>\n\t\t<div data-particle_enable=\"false\" data-particle-mobile-disabled=\"false\" class=\"elementor-element elementor-element-9133ef3 animated-fast e-flex e-con-boxed elementor-invisible e-con e-parent\" data-id=\"9133ef3\" data-element_type=\"container\" data-e-type=\"container\" data-settings=\"{&quot;jet_parallax_layout_list&quot;:[],&quot;animation&quot;:&quot;slideInRight&quot;}\">\n\t\t\t\t\t<div class=\"e-con-inner\">\n\t\t<div data-particle_enable=\"false\" data-particle-mobile-disabled=\"false\" class=\"elementor-element elementor-element-c16beb6 e-con-full e-flex e-con e-child\" data-id=\"c16beb6\" data-element_type=\"container\" data-e-type=\"container\" data-settings=\"{&quot;jet_parallax_layout_list&quot;:[]}\">\n\t\t\t\t<div class=\"elementor-element elementor-element-9d5df39 elementor-widget elementor-widget-heading\" data-id=\"9d5df39\" data-element_type=\"widget\" data-e-type=\"widget\" data-widget_type=\"heading.default\">\n\t\t\t\t<div class=\"elementor-widget-container\">\n\t\t\t\t\t<h2 class=\"elementor-heading-title elementor-size-default\">CARACTER\u00cdSTICAS<\/h2>\t\t\t\t<\/div>\n\t\t\t\t<\/div>\n\t\t\t\t<div class=\"elementor-element elementor-element-6394e47 elementor-widget__width-initial elementor-widget-tablet__width-inherit elementor-widget elementor-widget-text-editor\" data-id=\"6394e47\" data-element_type=\"widget\" data-e-type=\"widget\" data-widget_type=\"text-editor.default\">\n\t\t\t\t<div class=\"elementor-widget-container\">\n\t\t\t\t\t\t\t\t\t<p>\u00b7 <span style=\"font-weight: 400;\">Surface plate uniforme de 165 mm.<\/span><br \/>\u00b7 <span style=\"font-weight: 400;\">Modules t\u00e9lescopiques de deux hauteurs (165 mm et 320 mm)<\/span><\/p><p>\u00b7 <span style=\"font-weight: 400;\">Possibilit\u00e9 de fabrication asym\u00e9trique<\/span><\/p><p>\u00b7 <span style=\"font-weight: 400;\">Surface praticable r\u00e9alis\u00e9e en deck synth\u00e9tique antid\u00e9rapant et avec polycarbonate alv\u00e9olaire<\/span><\/p><p>\u00b7 <span style=\"font-weight: 400;\">Possibilit\u00e9 d&rsquo;ouverture lat\u00e9rale ou centrale avec le choix de toute couleur RAL<\/span><\/p><p>\u00b7 <span style=\"font-weight: 400;\">Blocage des modules avec cl\u00e9<\/span><\/p><p>\u00b7 <span style=\"font-weight: 400;\">Charge statique garantie de 150 kg\/m2.<\/span><\/p>\n\t\t\t\t\t\t\t\t<\/div>\n\t\t\t\t<\/div>\n\t\t\t\t<\/div>\n\t\t<div data-particle_enable=\"false\" data-particle-mobile-disabled=\"false\" class=\"elementor-element elementor-element-61369f3 e-con-full e-flex e-con e-child\" data-id=\"61369f3\" data-element_type=\"container\" data-e-type=\"container\" data-settings=\"{&quot;jet_parallax_layout_list&quot;:[]}\">\n\t\t\t\t<div class=\"elementor-element elementor-element-46890e8 elementor-widget elementor-widget-image\" data-id=\"46890e8\" data-element_type=\"widget\" data-e-type=\"widget\" data-widget_type=\"image.default\">\n\t\t\t\t<div class=\"elementor-widget-container\">\n\t\t\t\t\t\t\t\t\t\t\t\t\t\t\t<img decoding=\"async\" src=\"https:\/\/covertto.es\/wp-content\/uploads\/elementor\/thumbs\/WhatsApp-Image-2021-10-19-at-16.11.59-r0t8xtvvibwrpa22f5wcj8wyyxqtl354u0pyl201v4.jpeg\" title=\"WhatsApp Image 2021-10-19 at 16.11.59\" alt=\"WhatsApp Image 2021-10-19 at 16.11.59\" loading=\"lazy\" \/>\t\t\t\t\t\t\t\t\t\t\t\t\t\t\t<\/div>\n\t\t\t\t<\/div>\n\t\t\t\t<\/div>\n\t\t\t\t\t<\/div>\n\t\t\t\t<\/div>\n\t\t\t\t<\/div>\n\t\t","protected":false},"excerpt":{"rendered":"<p>Abris Praticables Utiliza la cubierta como una extensi\u00f3n de tu terraza o jard\u00edn, dise\u00f1ada para soportar mobiliario y elementos decorativos o funcionales. COVERTTO | Outdoor living experience | COVERTTO | Outdoor living experience | COVERTTO | Outdoor living experience | COVERTTO | Outdoor living experience | COVERTTO | Outdoor living experience | COVERTTO | Outdoor [&hellip;]<\/p>\n","protected":false},"author":2,"featured_media":0,"parent":0,"menu_order":0,"comment_status":"closed","ping_status":"closed","template":"elementor_header_footer","meta":{"_acf_changed":false,"footnotes":""},"class_list":["post-4398","page","type-page","status-publish","hentry"],"acf":[],"_links":{"self":[{"href":"https:\/\/covertto.es\/fr\/wp-json\/wp\/v2\/pages\/4398","targetHints":{"allow":["GET"]}}],"collection":[{"href":"https:\/\/covertto.es\/fr\/wp-json\/wp\/v2\/pages"}],"about":[{"href":"https:\/\/covertto.es\/fr\/wp-json\/wp\/v2\/types\/page"}],"author":[{"embeddable":true,"href":"https:\/\/covertto.es\/fr\/wp-json\/wp\/v2\/users\/2"}],"replies":[{"embeddable":true,"href":"https:\/\/covertto.es\/fr\/wp-json\/wp\/v2\/comments?post=4398"}],"version-history":[{"count":1,"href":"https:\/\/covertto.es\/fr\/wp-json\/wp\/v2\/pages\/4398\/revisions"}],"predecessor-version":[{"id":4399,"href":"https:\/\/covertto.es\/fr\/wp-json\/wp\/v2\/pages\/4398\/revisions\/4399"}],"wp:attachment":[{"href":"https:\/\/covertto.es\/fr\/wp-json\/wp\/v2\/media?parent=4398"}],"curies":[{"name":"wp","href":"https:\/\/api.w.org\/{rel}","templated":true}]}}