{"id":4903,"date":"2026-04-10T18:56:29","date_gmt":"2026-04-10T16:56:29","guid":{"rendered":"https:\/\/covertto.es\/guide-des-abris\/telescopiques\/"},"modified":"2026-04-14T16:44:59","modified_gmt":"2026-04-14T14:44:59","slug":"telescopiques","status":"publish","type":"page","link":"https:\/\/covertto.es\/fr\/guide-des-abris\/telescopiques\/","title":{"rendered":"T\u00e9lescopiques"},"content":{"rendered":"\t\t<div data-elementor-type=\"wp-page\" data-elementor-id=\"4903\" class=\"elementor elementor-4903 elementor-3839\" data-elementor-post-type=\"page\">\n\t\t\t\t<div class=\"elementor-element elementor-element-e3a3148 e-flex e-con-boxed e-con e-parent\" data-id=\"e3a3148\" data-element_type=\"container\" data-e-type=\"container\" data-settings=\"{&quot;background_background&quot;:&quot;classic&quot;,&quot;jet_parallax_layout_list&quot;:[]}\">\n\t\t\t\t\t<div class=\"e-con-inner\">\n\t\t<div class=\"elementor-element elementor-element-cc9d32c e-con-full e-flex e-con e-child\" data-id=\"cc9d32c\" data-element_type=\"container\" data-e-type=\"container\" data-settings=\"{&quot;jet_parallax_layout_list&quot;:[]}\">\n\t\t\t\t<div class=\"elementor-element elementor-element-84457fb elementor-widget elementor-widget-heading\" data-id=\"84457fb\" data-element_type=\"widget\" data-e-type=\"widget\" data-widget_type=\"heading.default\">\n\t\t\t\t<div class=\"elementor-widget-container\">\n\t\t\t\t\t<h1 class=\"elementor-heading-title elementor-size-default\">ABRIS\nT\u00c9LESCOPIQUES<\/h1>\t\t\t\t<\/div>\n\t\t\t\t<\/div>\n\t\t\t\t<div class=\"elementor-element elementor-element-e8a083a elementor-widget-divider--view-line elementor-widget elementor-widget-divider\" data-id=\"e8a083a\" data-element_type=\"widget\" data-e-type=\"widget\" data-widget_type=\"divider.default\">\n\t\t\t\t<div class=\"elementor-widget-container\">\n\t\t\t\t\t\t\t<div class=\"elementor-divider\">\n\t\t\t<span class=\"elementor-divider-separator\">\n\t\t\t\t\t\t<\/span>\n\t\t<\/div>\n\t\t\t\t\t\t<\/div>\n\t\t\t\t<\/div>\n\t\t\t\t<\/div>\n\t\t<div class=\"elementor-element elementor-element-6d2f3c1 e-con-full elementor-hidden-mobile e-flex e-con e-child\" data-id=\"6d2f3c1\" data-element_type=\"container\" data-e-type=\"container\" data-settings=\"{&quot;jet_parallax_layout_list&quot;:[]}\">\n\t\t\t\t<\/div>\n\t\t\t\t\t<\/div>\n\t\t\t\t<\/div>\n\t\t<div class=\"elementor-element elementor-element-8923c54 e-flex e-con-boxed e-con e-parent\" data-id=\"8923c54\" data-element_type=\"container\" data-e-type=\"container\" data-settings=\"{&quot;jet_parallax_layout_list&quot;:[]}\">\n\t\t\t\t\t<div class=\"e-con-inner\">\n\t\t<div class=\"elementor-element elementor-element-e1a7f72 e-con-full e-flex e-con e-child\" data-id=\"e1a7f72\" data-element_type=\"container\" data-e-type=\"container\" data-settings=\"{&quot;background_background&quot;:&quot;classic&quot;,&quot;jet_parallax_layout_list&quot;:[]}\">\n\t\t\t\t<\/div>\n\t\t<div class=\"elementor-element elementor-element-a7bd4da e-con-full e-flex e-con e-child\" data-id=\"a7bd4da\" data-element_type=\"container\" data-e-type=\"container\" data-settings=\"{&quot;jet_parallax_layout_list&quot;:[]}\">\n\t\t\t\t<div class=\"elementor-element elementor-element-8f16d2c elementor-widget elementor-widget-text-editor\" data-id=\"8f16d2c\" data-element_type=\"widget\" data-e-type=\"widget\" data-widget_type=\"text-editor.default\">\n\t\t\t\t<div class=\"elementor-widget-container\">\n\t\t\t\t\t\t\t\t\tDans un monde qui change rapidement, surtout dans le domaine de l&rsquo;\u00e9conomie et du commerce, o\u00f9 les affaires croissent chaque jour davantage, il est indispensable de pouvoir agir rapidement et de mieux interpr\u00e9ter les exigences li\u00e9es aux besoins \u00e9mergents. \u00c0 l&rsquo;\u00e9poque o\u00f9 nous vivons, il est n\u00e9cessaire d&rsquo;adapter les solutions aux besoins dans les plus brefs d\u00e9lais et aux moindres co\u00fbts possibles.\n\nGr\u00e2ce \u00e0 cette philosophie, l&rsquo;id\u00e9e des abris t\u00e9lescopiques est devenue de plus en plus populaire ; un syst\u00e8me g\u00e9nial, aussi simple que fonctionnel, pour mettre \u00e0 l&rsquo;abri les activit\u00e9s et s\u00e9curiser les affaires. Des activit\u00e9s commerciales, industrielles et artisanales qui font face aux besoins li\u00e9s \u00e0 l&rsquo;expansion et au d\u00e9veloppement de leur travail et, en m\u00eame temps, \u00e0 la n\u00e9cessit\u00e9 de les prot\u00e9ger de mani\u00e8re pratique, efficace et commode.\n\nMobilier d&rsquo;ext\u00e9rieur, petits kiosques ou comptoirs en plein air, piscines ou jacuzzis, ou plus g\u00e9n\u00e9ralement des espaces en plein air o\u00f9 se d\u00e9roulent des activit\u00e9s li\u00e9es \u00e0 la restauration, au bar ou au \u00ab fitness \u00bb.\nParce qu&rsquo;ils ont grandi et ont besoin de plus d&rsquo;espace, parce qu&rsquo;ils sont li\u00e9s \u00e0 des activit\u00e9s saisonni\u00e8res ou simplement parce que leur activit\u00e9 a besoin d&rsquo;un espace ouvert qui puisse \u00eatre couvert et d\u00e9couvert facilement et imm\u00e9diatement. Dans ce cas, les abris t\u00e9lescopiques pour ext\u00e9rieurs sont ce qu&rsquo;il y a de mieux en termes d&rsquo;efficacit\u00e9 et d&rsquo;efficience.\t\t\t\t\t\t\t\t<\/div>\n\t\t\t\t<\/div>\n\t\t\t\t<\/div>\n\t\t\t\t\t<\/div>\n\t\t\t\t<\/div>\n\t\t<div class=\"elementor-element elementor-element-ca14771 e-flex e-con-boxed e-con e-parent\" data-id=\"ca14771\" data-element_type=\"container\" data-e-type=\"container\" data-settings=\"{&quot;jet_parallax_layout_list&quot;:[]}\">\n\t\t\t\t\t<div class=\"e-con-inner\">\n\t\t<div class=\"elementor-element elementor-element-72bbc26 e-con-full e-flex e-con e-child\" data-id=\"72bbc26\" data-element_type=\"container\" data-e-type=\"container\" data-settings=\"{&quot;jet_parallax_layout_list&quot;:[]}\">\n\t\t\t\t<div class=\"elementor-element elementor-element-ae0c537 elementor-widget-divider--view-line elementor-widget elementor-widget-divider\" data-id=\"ae0c537\" data-element_type=\"widget\" data-e-type=\"widget\" data-widget_type=\"divider.default\">\n\t\t\t\t<div class=\"elementor-widget-container\">\n\t\t\t\t\t\t\t<div class=\"elementor-divider\">\n\t\t\t<span class=\"elementor-divider-separator\">\n\t\t\t\t\t\t<\/span>\n\t\t<\/div>\n\t\t\t\t\t\t<\/div>\n\t\t\t\t<\/div>\n\t\t\t\t<\/div>\n\t\t\t\t<div class=\"elementor-element elementor-element-c40a1c0 elementor-widget elementor-widget-text-editor\" data-id=\"c40a1c0\" data-element_type=\"widget\" data-e-type=\"widget\" data-widget_type=\"text-editor.default\">\n\t\t\t\t<div class=\"elementor-widget-container\">\n\t\t\t\t\t\t\t\t\t<p>Efficaces car en chaque saison, tant en \u00e9t\u00e9 qu&rsquo;en hiver, ils garantissent une imperm\u00e9abilisation parfaite de l&rsquo;environnement sous-jacent, qui se trouve prot\u00e9g\u00e9 des agents atmosph\u00e9riques et aussi des rayons du soleil, mais aussi pendant les p\u00e9riodes hivernales ils assurent une meilleure conservation et un abri contre la pluie, la neige et le froid.<br \/>Efficients car un seul geste suffit, le mouvement qui permet l&rsquo;extension du syst\u00e8me t\u00e9lescopique pour obtenir la protection souhait\u00e9e.<\/p><p>De taille r\u00e9duite lorsque la structure est repli\u00e9e, de faible impact esth\u00e9tique, d&rsquo;une extr\u00eame facilit\u00e9 d&rsquo;extension. Il est pratiquement universel, car il s&rsquo;adapte pour r\u00e9pondre aux besoins de tout type d&rsquo;activit\u00e9 commerciale, gr\u00e2ce \u00e0 la modularit\u00e9 du syst\u00e8me, \u00e0 faible co\u00fbt dans le rapport qualit\u00e9-performance. Simple \u00e0 installer. Le syst\u00e8me d&rsquo;abris pour ext\u00e9rieurs est garanti dans le temps et est con\u00e7u en conformit\u00e9 avec les normes qui r\u00e9gissent les abris pour activit\u00e9s commerciales, industrielles et artisanales.<\/p><p>Ne vous arr\u00eatez pas face au besoin de changer ou de faire \u00e9voluer votre travail ou votre activit\u00e9, car la solution est vraiment au coin de la rue, plut\u00f4t juste au-dessus de vous. Il suffit de regarder au-dessus de votre t\u00eate pour d\u00e9couvrir avec les abris t\u00e9lescopiques un syst\u00e8me pratique et commode qui couvre tous les besoins.<\/p>\t\t\t\t\t\t\t\t<\/div>\n\t\t\t\t<\/div>\n\t\t\t\t<div class=\"elementor-element elementor-element-4c1dff0 elementor-align-center elementor-widget elementor-widget-button\" data-id=\"4c1dff0\" data-element_type=\"widget\" data-e-type=\"widget\" data-widget_type=\"button.default\">\n\t\t\t\t<div class=\"elementor-widget-container\">\n\t\t\t\t\t\t\t\t\t<div class=\"elementor-button-wrapper\">\n\t\t\t\t\t<a class=\"elementor-button elementor-button-link elementor-size-sm\" href=\"https:\/\/covertto.es\/fr\/contact\/\">\n\t\t\t\t\t\t<span class=\"elementor-button-content-wrapper\">\n\t\t\t\t\t\t\t\t\t<span class=\"elementor-button-text\">Contacto<\/span>\n\t\t\t\t\t<\/span>\n\t\t\t\t\t<\/a>\n\t\t\t\t<\/div>\n\t\t\t\t\t\t\t\t<\/div>\n\t\t\t\t<\/div>\n\t\t<div class=\"elementor-element elementor-element-4d5fabb e-con-full e-flex e-con e-child\" data-id=\"4d5fabb\" data-element_type=\"container\" data-e-type=\"container\" data-settings=\"{&quot;jet_parallax_layout_list&quot;:[]}\">\n\t\t\t\t<div class=\"elementor-element elementor-element-2b0496f elementor-widget-divider--view-line elementor-widget elementor-widget-divider\" data-id=\"2b0496f\" data-element_type=\"widget\" data-e-type=\"widget\" data-widget_type=\"divider.default\">\n\t\t\t\t<div class=\"elementor-widget-container\">\n\t\t\t\t\t\t\t<div class=\"elementor-divider\">\n\t\t\t<span class=\"elementor-divider-separator\">\n\t\t\t\t\t\t<\/span>\n\t\t<\/div>\n\t\t\t\t\t\t<\/div>\n\t\t\t\t<\/div>\n\t\t\t\t<\/div>\n\t\t\t\t\t<\/div>\n\t\t\t\t<\/div>\n\t\t\t\t<\/div>\n\t\t","protected":false},"excerpt":{"rendered":"<p>ABRIS T\u00c9LESCOPIQUES Dans un monde qui change rapidement, surtout dans le domaine de l&rsquo;\u00e9conomie et du commerce, o\u00f9 les affaires croissent chaque jour davantage, il est indispensable de pouvoir agir rapidement et de mieux interpr\u00e9ter les exigences li\u00e9es aux besoins \u00e9mergents. \u00c0 l&rsquo;\u00e9poque o\u00f9 nous vivons, il est n\u00e9cessaire d&rsquo;adapter les solutions aux besoins dans [&hellip;]<\/p>\n","protected":false},"author":5,"featured_media":4201,"parent":4390,"menu_order":0,"comment_status":"closed","ping_status":"closed","template":"","meta":{"_acf_changed":false,"footnotes":""},"class_list":["post-4903","page","type-page","status-publish","has-post-thumbnail","hentry"],"acf":[],"_links":{"self":[{"href":"https:\/\/covertto.es\/fr\/wp-json\/wp\/v2\/pages\/4903","targetHints":{"allow":["GET"]}}],"collection":[{"href":"https:\/\/covertto.es\/fr\/wp-json\/wp\/v2\/pages"}],"about":[{"href":"https:\/\/covertto.es\/fr\/wp-json\/wp\/v2\/types\/page"}],"author":[{"embeddable":true,"href":"https:\/\/covertto.es\/fr\/wp-json\/wp\/v2\/users\/5"}],"replies":[{"embeddable":true,"href":"https:\/\/covertto.es\/fr\/wp-json\/wp\/v2\/comments?post=4903"}],"version-history":[{"count":2,"href":"https:\/\/covertto.es\/fr\/wp-json\/wp\/v2\/pages\/4903\/revisions"}],"predecessor-version":[{"id":5387,"href":"https:\/\/covertto.es\/fr\/wp-json\/wp\/v2\/pages\/4903\/revisions\/5387"}],"up":[{"embeddable":true,"href":"https:\/\/covertto.es\/fr\/wp-json\/wp\/v2\/pages\/4390"}],"wp:featuredmedia":[{"embeddable":true,"href":"https:\/\/covertto.es\/fr\/wp-json\/wp\/v2\/media\/4201"}],"wp:attachment":[{"href":"https:\/\/covertto.es\/fr\/wp-json\/wp\/v2\/media?parent=4903"}],"curies":[{"name":"wp","href":"https:\/\/api.w.org\/{rel}","templated":true}]}}